{"id":2758,"date":"2024-02-14T18:01:37","date_gmt":"2024-02-14T17:01:37","guid":{"rendered":"https:\/\/www.planeurs-nivernais.fr\/?page_id=2758"},"modified":"2024-02-16T14:51:22","modified_gmt":"2024-02-16T13:51:22","slug":"f-cgto","status":"publish","type":"page","link":"https:\/\/www.planeurs-nivernais.fr\/index.php\/f-cgto\/","title":{"rendered":"F-CGTO"},"content":{"rendered":"<div data-colibri-id=\"2758-c1\" class=\"style-1273 style-local-2758-c1 position-relative\">\n  <!---->\n  <div data-colibri-component=\"section\" data-colibri-id=\"2758-c2\" id=\"custom\" class=\"h-section h-section-global-spacing d-flex align-items-lg-center align-items-md-center align-items-center style-1274 style-local-2758-c2 position-relative\">\n    <!---->\n    <!---->\n    <div class=\"h-section-grid-container h-section-boxed-container\">\n      <!---->\n      <div data-colibri-id=\"2758-c3\" class=\"h-row-container gutters-row-lg-2 gutters-row-md-2 gutters-row-0 gutters-row-v-lg-2 gutters-row-v-md-2 gutters-row-v-2 style-1277 style-local-2758-c3 position-relative\">\n        <!---->\n        <div class=\"h-row justify-content-lg-center justify-content-md-center justify-content-center align-items-lg-stretch align-items-md-stretch align-items-stretch gutters-col-lg-2 gutters-col-md-2 gutters-col-0 gutters-col-v-lg-2 gutters-col-v-md-2 gutters-col-v-2\">\n          <!---->\n          <div class=\"h-column h-column-container d-flex h-col-lg-auto h-col-md-auto h-col-auto style-1278-outer style-local-2758-c4-outer\">\n            <div data-colibri-id=\"2758-c4\" class=\"d-flex h-flex-basis h-column__inner h-px-lg-2 h-px-md-2 h-px-2 v-inner-lg-2 v-inner-md-2 v-inner-2 style-1278 style-local-2758-c4 position-relative\">\n              <!---->\n              <!---->\n              <div class=\"w-100 h-y-container h-column__content h-column__v-align flex-basis-100 align-self-lg-start align-self-md-start align-self-start\">\n                <!---->\n                <div data-colibri-id=\"2758-c5\" class=\"h-text h-text-component style-1271 style-local-2758-c5 position-relative h-element\">\n                  <!---->\n                  <!---->\n                  <div class=\"\">\n                    <p>F-CGTO &#8211; &#8220;Tango Oscar&#8221;<\/p>\n                  <\/div>\n                <\/div>\n              <\/div>\n            <\/div>\n          <\/div>\n        <\/div>\n      <\/div>\n      <div data-colibri-id=\"2758-c6\" class=\"h-row-container gutters-row-lg-2 gutters-row-md-2 gutters-row-0 gutters-row-v-lg-2 gutters-row-v-md-2 gutters-row-v-2 style-1281 style-local-2758-c6 position-relative\">\n        <!---->\n        <div class=\"h-row justify-content-lg-center justify-content-md-center justify-content-center align-items-lg-stretch align-items-md-stretch align-items-stretch gutters-col-lg-2 gutters-col-md-2 gutters-col-0 gutters-col-v-lg-2 gutters-col-v-md-2 gutters-col-v-2\">\n          <!---->\n          <div class=\"h-column h-column-container d-flex h-col-lg-auto h-col-md-auto h-col-auto style-1282-outer style-local-2758-c7-outer\">\n            <div data-colibri-id=\"2758-c7\" class=\"d-flex h-flex-basis h-column__inner h-px-lg-2 h-px-md-2 h-px-2 v-inner-lg-2 v-inner-md-2 v-inner-2 style-1282 style-local-2758-c7 position-relative\">\n              <!---->\n              <!---->\n              <div class=\"w-100 h-y-container h-column__content h-column__v-align flex-basis-100 align-self-lg-start align-self-md-start align-self-start\">\n                <!---->\n                <div data-colibri-id=\"2758-c8\" class=\"d-block style-1270 style-local-2758-c8 position-relative h-element\">\n                  <!---->\n                  <div class=\"h-image__frame-container-outer\">\n                    <div class=\"h-image__frame-container\">\n                      <!---->\n                      <!---->\n                      <img loading=\"lazy\" decoding=\"async\" width=\"1759\" height=\"326\" src=\"http:\/\/www.planeurs-nivernais.fr\/wp-content\/uploads\/2024\/02\/fcgto-4.png\" class=\"wp-image-2865 style-1270-image style-local-2758-c8-image\" alt=\"\" srcset=\"https:\/\/www.planeurs-nivernais.fr\/wp-content\/uploads\/2024\/02\/fcgto-4.png 1759w, https:\/\/www.planeurs-nivernais.fr\/wp-content\/uploads\/2024\/02\/fcgto-4-300x56.png 300w, https:\/\/www.planeurs-nivernais.fr\/wp-content\/uploads\/2024\/02\/fcgto-4-1024x190.png 1024w, https:\/\/www.planeurs-nivernais.fr\/wp-content\/uploads\/2024\/02\/fcgto-4-768x142.png 768w, https:\/\/www.planeurs-nivernais.fr\/wp-content\/uploads\/2024\/02\/fcgto-4-1536x285.png 1536w\" sizes=\"auto, (max-width: 1759px) 100vw, 1759px\" \/>\n                      <div class=\"h-image__frame h-hide-lg h-hide-md h-hide-sm style-1270-frameImage style-local-2758-c8-frameImage\"><\/div>\n                    <\/div>\n                  <\/div>\n                <\/div>\n              <\/div>\n            <\/div>\n          <\/div>\n        <\/div>\n      <\/div>\n      <div data-colibri-id=\"2758-c9\" class=\"h-row-container gutters-row-lg-2 gutters-row-md-2 gutters-row-0 gutters-row-v-lg-2 gutters-row-v-md-2 gutters-row-v-2 style-1325 style-local-2758-c9 position-relative\">\n        <!---->\n        <div class=\"h-row justify-content-lg-center justify-content-md-center justify-content-center align-items-lg-stretch align-items-md-stretch align-items-stretch gutters-col-lg-2 gutters-col-md-2 gutters-col-0 gutters-col-v-lg-2 gutters-col-v-md-2 gutters-col-v-2\">\n          <!---->\n          <div class=\"h-column h-column-container d-flex h-col-lg-auto h-col-md-auto h-col-auto style-1326-outer style-local-2758-c10-outer\">\n            <div data-colibri-id=\"2758-c10\" class=\"d-flex h-flex-basis h-column__inner h-px-lg-2 h-px-md-2 h-px-2 v-inner-lg-2 v-inner-md-2 v-inner-2 style-1326 style-local-2758-c10 position-relative\">\n              <!---->\n              <!---->\n              <div class=\"w-100 h-y-container h-column__content h-column__v-align flex-basis-100 align-self-lg-start align-self-md-start align-self-start\">\n                <!---->\n                <div data-colibri-id=\"2758-c11\" class=\"h-text h-text-component style-1272 style-local-2758-c11 position-relative h-element\">\n                  <!---->\n                  <!---->\n                  <div class=\"\">\n                    <p>\n                      <br>\n                    <\/p>\n                    <p>\n                      <br>\n                    <\/p>\n                    <p>&#8220;Tango Oscar&#8221; est un planeur biplace de la famille &#8220;Marianne&#8221;. Il p\u00e8se 430kg \u00e0 vide, pour une envergure de 18 m\u00e8tres. TO est utilis\u00e9 en \u00e9cole, pour les vols de d\u00e9couverte, les bapt\u00eames ou les vols en duo.<\/p>\n                  <\/div>\n                <\/div>\n                <div data-colibri-id=\"2758-c12\" class=\"h-row-container gutters-row-lg-2 gutters-row-md-2 gutters-row-0 gutters-row-v-lg-2 gutters-row-v-md-2 gutters-row-v-2 style-1339 style-local-2758-c12 position-relative\">\n                  <!---->\n                  <div class=\"h-row justify-content-lg-center justify-content-md-center justify-content-center align-items-lg-stretch align-items-md-stretch align-items-stretch gutters-col-lg-2 gutters-col-md-2 gutters-col-0 gutters-col-v-lg-2 gutters-col-v-md-2 gutters-col-v-2\">\n                    <!---->\n                    <div class=\"h-column h-column-container d-flex h-col-lg-auto h-col-md-auto h-col-auto style-1340-outer style-local-2758-c13-outer\">\n                      <div data-colibri-id=\"2758-c13\" class=\"d-flex h-flex-basis h-column__inner h-px-lg-2 h-px-md-2 h-px-2 v-inner-lg-2 v-inner-md-2 v-inner-2 style-1340 style-local-2758-c13 position-relative\">\n                        <!---->\n                        <!---->\n                        <div class=\"w-100 h-y-container h-column__content h-column__v-align flex-basis-100 align-self-lg-start align-self-md-start align-self-start\">\n                          <!---->\n                          <div data-colibri-id=\"2758-c14\" class=\"h-text h-text-component style-1342 style-local-2758-c14 position-relative h-element\">\n                            <!---->\n                            <!---->\n                            <div class=\"\">\n                              <p><span>&#8212; Dimensions &#8212;<\/span><\/p>\n                              <p>\n                                <a href=\"https:\/\/fr.wikipedia.org\/wiki\/Envergure\" style=\"color: rgb(51, 102, 204); font-size: 1em; font-weight: 400; font-family: &quot;Open Sans&quot;;\" class=\"customize-unpreviewable\"><span>Envergure<\/span><\/a><span>&nbsp;: 18,55 m<\/span><\/p>\n                              <p><span>Longueur : 9&nbsp;m<\/span><\/p>\n                              <p><span>Hauteur : 1,55 m<\/span><\/p>\n                              <p>\n                                <a href=\"https:\/\/fr.wikipedia.org\/wiki\/Surface_alaire\" style=\"color: rgb(51, 102, 204); font-size: 1em; font-weight: 400; font-family: &quot;Open Sans&quot;;\" class=\"customize-unpreviewable\"><span>Surface alaire<\/span><\/a><span>&nbsp;: 17,2&nbsp;m<\/span>\n                                <sup><span>2<\/span><\/sup>\n                              <\/p>\n                              <p><span>Masse \u00e0 vide : 430 kg<\/span><\/p>\n                              <p><span>Masse maximale : 650&nbsp;kg<\/span><\/p>\n                              <p><span><br><\/span><\/p>\n                              <p>\n                                <br>\n                              <\/p>\n                              <p>\n                                <br>\n                              <\/p>\n                            <\/div>\n                          <\/div>\n                        <\/div>\n                      <\/div>\n                    <\/div>\n                    <div class=\"h-column h-column-container d-flex h-col-lg-auto h-col-md-auto h-col-auto style-1341-outer style-local-2758-c15-outer\">\n                      <div data-colibri-id=\"2758-c15\" class=\"d-flex h-flex-basis h-column__inner h-px-lg-2 h-px-md-2 h-px-2 v-inner-lg-2 v-inner-md-2 v-inner-2 style-1341 style-local-2758-c15 position-relative\">\n                        <!---->\n                        <!---->\n                        <div class=\"w-100 h-y-container h-column__content h-column__v-align flex-basis-100 align-self-lg-start align-self-md-start align-self-start\">\n                          <!---->\n                          <div data-colibri-id=\"2758-c16\" class=\"h-text h-text-component style-1343 style-local-2758-c16 position-relative h-element\">\n                            <!---->\n                            <!---->\n                            <div class=\"\">\n                              <p><span>&#8212; Performances &#8212;<\/span><\/p>\n                              <p>\n                                <a href=\"https:\/\/fr.wikipedia.org\/wiki\/Vitesse_maximale_d%27un_a%C3%A9ronef\" style=\"color: rgb(51, 102, 204); font-size: 1em; font-weight: 400; font-family: &quot;Open Sans&quot;;\" class=\"customize-unpreviewable\"><span>Vitesse maximale<\/span><\/a><span>&nbsp;: 250 km\/h<\/span><\/p>\n                              <p>\n                                <a href=\"https:\/\/fr.wikipedia.org\/wiki\/D%C3%A9crochage_(a%C3%A9rodynamique)\" style=\"color: rgb(51, 102, 204); font-size: 1em; font-weight: 400; font-family: &quot;Open Sans&quot;;\" class=\"customize-unpreviewable\"><span>Vitesse de d\u00e9crochage<\/span><\/a><span>&nbsp;: 67 km\/h<\/span><\/p>\n                              <p>\n                                <a href=\"https:\/\/fr.wikipedia.org\/wiki\/Finesse_(a%C3%A9rodynamique)\" style=\"color: rgb(51, 102, 204); font-size: 1em; font-weight: 400; font-family: &quot;Open Sans&quot;;\" class=\"customize-unpreviewable\"><span>Finesse max.<\/span><\/a><span>&nbsp;: 40 \u00e0 105 km\/h<\/span><\/p>\n                              <p>\n                                <a href=\"https:\/\/fr.wikipedia.org\/wiki\/Taux_de_chute\" style=\"color: rgb(51, 102, 204); font-size: 1em; font-weight: 400; font-family: &quot;Open Sans&quot;;\" class=\"customize-unpreviewable\"><span>Taux de chute minimal<\/span><\/a><span>&nbsp;: 0,65 m\/s&nbsp;(\u00e0 85 km\/h)<\/span><\/p>\n                              <p><span><br><\/span><\/p>\n                              <p>\n                                <br>\n                              <\/p>\n                              <p>\n                                <br>\n                              <\/p>\n                            <\/div>\n                          <\/div>\n                        <\/div>\n                      <\/div>\n                    <\/div>\n                  <\/div>\n                <\/div>\n              <\/div>\n            <\/div>\n          <\/div>\n        <\/div>\n      <\/div>\n      <div data-colibri-id=\"2758-c17\" class=\"h-row-container gutters-row-lg-2 gutters-row-md-2 gutters-row-0 gutters-row-v-lg-2 gutters-row-v-md-2 gutters-row-v-2 style-1275 style-local-2758-c17 position-relative\">\n        <!---->\n        <div class=\"h-row justify-content-lg-center justify-content-md-center justify-content-center align-items-lg-stretch align-items-md-stretch align-items-stretch gutters-col-lg-2 gutters-col-md-2 gutters-col-0 gutters-col-v-lg-2 gutters-col-v-md-2 gutters-col-v-2\">\n          <!---->\n          <div class=\"h-column h-column-container d-flex h-col-lg-auto h-col-md-auto h-col-auto style-1276-outer style-local-2758-c18-outer\">\n            <div data-colibri-id=\"2758-c18\" class=\"d-flex h-flex-basis h-column__inner h-px-lg-2 h-px-md-2 h-px-2 v-inner-lg-2 v-inner-md-2 v-inner-2 style-1276 style-local-2758-c18 position-relative\">\n              <!---->\n              <!---->\n              <div class=\"w-100 h-y-container h-column__content h-column__v-align flex-basis-100 align-self-lg-start align-self-md-start align-self-start\">\n                <!---->\n                <div data-colibri-id=\"2758-c19\" class=\"d-block style-1295 style-local-2758-c19 position-relative h-element\">\n                  <!---->\n                  <div class=\"h-image__frame-container-outer\">\n                    <div class=\"h-image__frame-container\">\n                      <!---->\n                      <!---->\n                      <img loading=\"lazy\" decoding=\"async\" width=\"2820\" height=\"462\" src=\"http:\/\/www.planeurs-nivernais.fr\/wp-content\/uploads\/2024\/02\/fcgto-5.png\" class=\"wp-image-2880 style-1295-image style-local-2758-c19-image\" alt=\"\" srcset=\"https:\/\/www.planeurs-nivernais.fr\/wp-content\/uploads\/2024\/02\/fcgto-5.png 2820w, https:\/\/www.planeurs-nivernais.fr\/wp-content\/uploads\/2024\/02\/fcgto-5-300x49.png 300w, https:\/\/www.planeurs-nivernais.fr\/wp-content\/uploads\/2024\/02\/fcgto-5-1024x168.png 1024w, https:\/\/www.planeurs-nivernais.fr\/wp-content\/uploads\/2024\/02\/fcgto-5-768x126.png 768w, https:\/\/www.planeurs-nivernais.fr\/wp-content\/uploads\/2024\/02\/fcgto-5-1536x252.png 1536w, https:\/\/www.planeurs-nivernais.fr\/wp-content\/uploads\/2024\/02\/fcgto-5-2048x336.png 2048w\" sizes=\"auto, (max-width: 2820px) 100vw, 2820px\" \/>\n                      <div class=\"h-image__frame h-hide-lg h-hide-md h-hide-sm style-1295-frameImage style-local-2758-c19-frameImage\"><\/div>\n                    <\/div>\n                  <\/div>\n                <\/div>\n              <\/div>\n            <\/div>\n          <\/div>\n        <\/div>\n      <\/div>\n    <\/div>\n  <\/div>\n<\/div>","protected":false},"excerpt":{"rendered":"<p>F-CGTO &#8211; &#8220;Tango Oscar&#8221; &#8220;Tango Oscar&#8221; est un planeur biplace de la famille &#8220;Marianne&#8221;. Il p\u00e8se 430kg \u00e0 vide, pour une envergure de 18 m\u00e8tres. TO est utilis\u00e9 en \u00e9cole, pour les vols de d\u00e9couverte, les bapt\u00eames ou les vols en duo. &#8212; Dimensions &#8212; Envergure&nbsp;: 18,55 m Longueur : 9&nbsp;m Hauteur : 1,55 m [&hellip;]<\/p>\n","protected":false},"author":1,"featured_media":0,"parent":0,"menu_order":0,"comment_status":"closed","ping_status":"closed","template":"page-templates\/full-width-page.php","meta":{"footnotes":""},"class_list":["post-2758","page","type-page","status-publish","hentry"],"yoast_head":"<!-- This site is optimized with the Yoast SEO plugin v24.7 - https:\/\/yoast.com\/wordpress\/plugins\/seo\/ -->\n<title>Planeurs Nivernais | CVVN58 | Planeur Nevers Ni\u00e8vre<\/title>\n<meta name=\"description\" content=\"Vol en planeur \u00e0 Nevers Ni\u00e8vre | Planeurs Nivernais | CVVN58\" \/>\n<meta name=\"robots\" content=\"index, follow, max-snippet:-1, max-image-preview:large, max-video-preview:-1\" \/>\n<link rel=\"canonical\" href=\"https:\/\/www.planeurs-nivernais.fr\/index.php\/f-cgto\/\" \/>\n<meta property=\"og:locale\" content=\"en_US\" \/>\n<meta property=\"og:type\" content=\"article\" \/>\n<meta property=\"og:title\" content=\"Planeurs Nivernais | CVVN58 | Planeur Nevers Ni\u00e8vre\" \/>\n<meta property=\"og:description\" content=\"Vol en planeur \u00e0 Nevers Ni\u00e8vre | Planeurs Nivernais | CVVN58\" \/>\n<meta property=\"og:url\" content=\"https:\/\/www.planeurs-nivernais.fr\/index.php\/f-cgto\/\" \/>\n<meta property=\"og:site_name\" content=\"Planeurs Nivernais | CVVN58 | Planeur Nevers Ni\u00e8vre\" \/>\n<meta property=\"article:modified_time\" content=\"2024-02-16T13:51:22+00:00\" \/>\n<meta property=\"og:image\" content=\"http:\/\/www.planeurs-nivernais.fr\/wp-content\/uploads\/2024\/02\/fcgto-4.png\" \/>\n<meta name=\"twitter:card\" content=\"summary_large_image\" \/>\n<script type=\"application\/ld+json\" class=\"yoast-schema-graph\">{\"@context\":\"https:\/\/schema.org\",\"@graph\":[{\"@type\":\"WebPage\",\"@id\":\"https:\/\/www.planeurs-nivernais.fr\/index.php\/f-cgto\/\",\"url\":\"https:\/\/www.planeurs-nivernais.fr\/index.php\/f-cgto\/\",\"name\":\"Planeurs Nivernais | CVVN58 | Planeur Nevers Ni\u00e8vre\",\"isPartOf\":{\"@id\":\"https:\/\/www.planeurs-nivernais.fr\/#website\"},\"primaryImageOfPage\":{\"@id\":\"https:\/\/www.planeurs-nivernais.fr\/index.php\/f-cgto\/#primaryimage\"},\"image\":{\"@id\":\"https:\/\/www.planeurs-nivernais.fr\/index.php\/f-cgto\/#primaryimage\"},\"thumbnailUrl\":\"http:\/\/www.planeurs-nivernais.fr\/wp-content\/uploads\/2024\/02\/fcgto-4.png\",\"datePublished\":\"2024-02-14T17:01:37+00:00\",\"dateModified\":\"2024-02-16T13:51:22+00:00\",\"description\":\"Vol en planeur \u00e0 Nevers Ni\u00e8vre | Planeurs Nivernais | CVVN58\",\"breadcrumb\":{\"@id\":\"https:\/\/www.planeurs-nivernais.fr\/index.php\/f-cgto\/#breadcrumb\"},\"inLanguage\":\"en-US\",\"potentialAction\":[{\"@type\":\"ReadAction\",\"target\":[\"https:\/\/www.planeurs-nivernais.fr\/index.php\/f-cgto\/\"]}]},{\"@type\":\"ImageObject\",\"inLanguage\":\"en-US\",\"@id\":\"https:\/\/www.planeurs-nivernais.fr\/index.php\/f-cgto\/#primaryimage\",\"url\":\"http:\/\/www.planeurs-nivernais.fr\/wp-content\/uploads\/2024\/02\/fcgto-4.png\",\"contentUrl\":\"http:\/\/www.planeurs-nivernais.fr\/wp-content\/uploads\/2024\/02\/fcgto-4.png\"},{\"@type\":\"BreadcrumbList\",\"@id\":\"https:\/\/www.planeurs-nivernais.fr\/index.php\/f-cgto\/#breadcrumb\",\"itemListElement\":[{\"@type\":\"ListItem\",\"position\":1,\"name\":\"Accueil\",\"item\":\"https:\/\/www.planeurs-nivernais.fr\/\"},{\"@type\":\"ListItem\",\"position\":2,\"name\":\"F-CGTO\"}]},{\"@type\":\"WebSite\",\"@id\":\"https:\/\/www.planeurs-nivernais.fr\/#website\",\"url\":\"https:\/\/www.planeurs-nivernais.fr\/\",\"name\":\"Planeurs Nivernais | CVVN58 | Planeur Nevers Ni\u00e8vre\",\"description\":\"\",\"publisher\":{\"@id\":\"https:\/\/www.planeurs-nivernais.fr\/#organization\"},\"potentialAction\":[{\"@type\":\"SearchAction\",\"target\":{\"@type\":\"EntryPoint\",\"urlTemplate\":\"https:\/\/www.planeurs-nivernais.fr\/?s={search_term_string}\"},\"query-input\":{\"@type\":\"PropertyValueSpecification\",\"valueRequired\":true,\"valueName\":\"search_term_string\"}}],\"inLanguage\":\"en-US\"},{\"@type\":\"Organization\",\"@id\":\"https:\/\/www.planeurs-nivernais.fr\/#organization\",\"name\":\"Planeurs Nivernais | CVVN58 | Planeur Nevers Ni\u00e8vre\",\"url\":\"https:\/\/www.planeurs-nivernais.fr\/\",\"logo\":{\"@type\":\"ImageObject\",\"inLanguage\":\"en-US\",\"@id\":\"https:\/\/www.planeurs-nivernais.fr\/#\/schema\/logo\/image\/\",\"url\":\"http:\/\/www.planeurs-nivernais.fr\/wp-content\/uploads\/2020\/05\/cropped-logo.png\",\"contentUrl\":\"http:\/\/www.planeurs-nivernais.fr\/wp-content\/uploads\/2020\/05\/cropped-logo.png\",\"width\":213,\"height\":110,\"caption\":\"Planeurs Nivernais | CVVN58 | Planeur Nevers Ni\u00e8vre\"},\"image\":{\"@id\":\"https:\/\/www.planeurs-nivernais.fr\/#\/schema\/logo\/image\/\"}}]}<\/script>\n<!-- \/ Yoast SEO plugin. -->","yoast_head_json":{"title":"Planeurs Nivernais | CVVN58 | Planeur Nevers Ni\u00e8vre","description":"Vol en planeur \u00e0 Nevers Ni\u00e8vre | Planeurs Nivernais | CVVN58","robots":{"index":"index","follow":"follow","max-snippet":"max-snippet:-1","max-image-preview":"max-image-preview:large","max-video-preview":"max-video-preview:-1"},"canonical":"https:\/\/www.planeurs-nivernais.fr\/index.php\/f-cgto\/","og_locale":"en_US","og_type":"article","og_title":"Planeurs Nivernais | CVVN58 | Planeur Nevers Ni\u00e8vre","og_description":"Vol en planeur \u00e0 Nevers Ni\u00e8vre | Planeurs Nivernais | CVVN58","og_url":"https:\/\/www.planeurs-nivernais.fr\/index.php\/f-cgto\/","og_site_name":"Planeurs Nivernais | CVVN58 | Planeur Nevers Ni\u00e8vre","article_modified_time":"2024-02-16T13:51:22+00:00","og_image":[{"url":"http:\/\/www.planeurs-nivernais.fr\/wp-content\/uploads\/2024\/02\/fcgto-4.png","type":"","width":"","height":""}],"twitter_card":"summary_large_image","schema":{"@context":"https:\/\/schema.org","@graph":[{"@type":"WebPage","@id":"https:\/\/www.planeurs-nivernais.fr\/index.php\/f-cgto\/","url":"https:\/\/www.planeurs-nivernais.fr\/index.php\/f-cgto\/","name":"Planeurs Nivernais | CVVN58 | Planeur Nevers Ni\u00e8vre","isPartOf":{"@id":"https:\/\/www.planeurs-nivernais.fr\/#website"},"primaryImageOfPage":{"@id":"https:\/\/www.planeurs-nivernais.fr\/index.php\/f-cgto\/#primaryimage"},"image":{"@id":"https:\/\/www.planeurs-nivernais.fr\/index.php\/f-cgto\/#primaryimage"},"thumbnailUrl":"http:\/\/www.planeurs-nivernais.fr\/wp-content\/uploads\/2024\/02\/fcgto-4.png","datePublished":"2024-02-14T17:01:37+00:00","dateModified":"2024-02-16T13:51:22+00:00","description":"Vol en planeur \u00e0 Nevers Ni\u00e8vre | Planeurs Nivernais | CVVN58","breadcrumb":{"@id":"https:\/\/www.planeurs-nivernais.fr\/index.php\/f-cgto\/#breadcrumb"},"inLanguage":"en-US","potentialAction":[{"@type":"ReadAction","target":["https:\/\/www.planeurs-nivernais.fr\/index.php\/f-cgto\/"]}]},{"@type":"ImageObject","inLanguage":"en-US","@id":"https:\/\/www.planeurs-nivernais.fr\/index.php\/f-cgto\/#primaryimage","url":"http:\/\/www.planeurs-nivernais.fr\/wp-content\/uploads\/2024\/02\/fcgto-4.png","contentUrl":"http:\/\/www.planeurs-nivernais.fr\/wp-content\/uploads\/2024\/02\/fcgto-4.png"},{"@type":"BreadcrumbList","@id":"https:\/\/www.planeurs-nivernais.fr\/index.php\/f-cgto\/#breadcrumb","itemListElement":[{"@type":"ListItem","position":1,"name":"Accueil","item":"https:\/\/www.planeurs-nivernais.fr\/"},{"@type":"ListItem","position":2,"name":"F-CGTO"}]},{"@type":"WebSite","@id":"https:\/\/www.planeurs-nivernais.fr\/#website","url":"https:\/\/www.planeurs-nivernais.fr\/","name":"Planeurs Nivernais | CVVN58 | Planeur Nevers Ni\u00e8vre","description":"","publisher":{"@id":"https:\/\/www.planeurs-nivernais.fr\/#organization"},"potentialAction":[{"@type":"SearchAction","target":{"@type":"EntryPoint","urlTemplate":"https:\/\/www.planeurs-nivernais.fr\/?s={search_term_string}"},"query-input":{"@type":"PropertyValueSpecification","valueRequired":true,"valueName":"search_term_string"}}],"inLanguage":"en-US"},{"@type":"Organization","@id":"https:\/\/www.planeurs-nivernais.fr\/#organization","name":"Planeurs Nivernais | CVVN58 | Planeur Nevers Ni\u00e8vre","url":"https:\/\/www.planeurs-nivernais.fr\/","logo":{"@type":"ImageObject","inLanguage":"en-US","@id":"https:\/\/www.planeurs-nivernais.fr\/#\/schema\/logo\/image\/","url":"http:\/\/www.planeurs-nivernais.fr\/wp-content\/uploads\/2020\/05\/cropped-logo.png","contentUrl":"http:\/\/www.planeurs-nivernais.fr\/wp-content\/uploads\/2020\/05\/cropped-logo.png","width":213,"height":110,"caption":"Planeurs Nivernais | CVVN58 | Planeur Nevers Ni\u00e8vre"},"image":{"@id":"https:\/\/www.planeurs-nivernais.fr\/#\/schema\/logo\/image\/"}}]}},"_links":{"self":[{"href":"https:\/\/www.planeurs-nivernais.fr\/index.php\/wp-json\/wp\/v2\/pages\/2758","targetHints":{"allow":["GET"]}}],"collection":[{"href":"https:\/\/www.planeurs-nivernais.fr\/index.php\/wp-json\/wp\/v2\/pages"}],"about":[{"href":"https:\/\/www.planeurs-nivernais.fr\/index.php\/wp-json\/wp\/v2\/types\/page"}],"author":[{"embeddable":true,"href":"https:\/\/www.planeurs-nivernais.fr\/index.php\/wp-json\/wp\/v2\/users\/1"}],"replies":[{"embeddable":true,"href":"https:\/\/www.planeurs-nivernais.fr\/index.php\/wp-json\/wp\/v2\/comments?post=2758"}],"version-history":[{"count":19,"href":"https:\/\/www.planeurs-nivernais.fr\/index.php\/wp-json\/wp\/v2\/pages\/2758\/revisions"}],"predecessor-version":[{"id":3350,"href":"https:\/\/www.planeurs-nivernais.fr\/index.php\/wp-json\/wp\/v2\/pages\/2758\/revisions\/3350"}],"wp:attachment":[{"href":"https:\/\/www.planeurs-nivernais.fr\/index.php\/wp-json\/wp\/v2\/media?parent=2758"}],"curies":[{"name":"wp","href":"https:\/\/api.w.org\/{rel}","templated":true}]}}