{"id":2918,"date":"2024-02-14T22:01:39","date_gmt":"2024-02-14T21:01:39","guid":{"rendered":"https:\/\/www.planeurs-nivernais.fr\/?page_id=2918"},"modified":"2024-02-16T14:49:28","modified_gmt":"2024-02-16T13:49:28","slug":"f-cgbq","status":"publish","type":"page","link":"https:\/\/www.planeurs-nivernais.fr\/index.php\/f-cgbq\/","title":{"rendered":"F-CGBQ"},"content":{"rendered":"<div data-colibri-id=\"2918-c1\" class=\"style-1327 style-local-2918-c1 position-relative\">\n  <!---->\n  <div data-colibri-component=\"section\" data-colibri-id=\"2918-c2\" id=\"custom\" class=\"h-section h-section-global-spacing d-flex align-items-lg-center align-items-md-center align-items-center style-1328 style-local-2918-c2 position-relative\">\n    <!---->\n    <!---->\n    <div class=\"h-section-grid-container h-section-boxed-container\">\n      <!---->\n      <div data-colibri-id=\"2918-c3\" class=\"h-row-container gutters-row-lg-2 gutters-row-md-2 gutters-row-0 gutters-row-v-lg-2 gutters-row-v-md-2 gutters-row-v-2 style-1332 style-local-2918-c3 position-relative\">\n        <!---->\n        <div class=\"h-row justify-content-lg-center justify-content-md-center justify-content-center align-items-lg-stretch align-items-md-stretch align-items-stretch gutters-col-lg-2 gutters-col-md-2 gutters-col-0 gutters-col-v-lg-2 gutters-col-v-md-2 gutters-col-v-2\">\n          <!---->\n          <div class=\"h-column h-column-container d-flex h-col-lg-auto h-col-md-auto h-col-auto style-1333-outer style-local-2918-c4-outer\">\n            <div data-colibri-id=\"2918-c4\" class=\"d-flex h-flex-basis h-column__inner h-px-lg-2 h-px-md-2 h-px-2 v-inner-lg-2 v-inner-md-2 v-inner-2 style-1333 style-local-2918-c4 position-relative\">\n              <!---->\n              <!---->\n              <div class=\"w-100 h-y-container h-column__content h-column__v-align flex-basis-100 align-self-lg-start align-self-md-start align-self-start\">\n                <!---->\n                <div data-colibri-id=\"2918-c5\" class=\"h-text h-text-component style-1334 style-local-2918-c5 position-relative h-element\">\n                  <!---->\n                  <!---->\n                  <div class=\"\">\n                    <p>F-CGBQ &#8211; &#8220;Bravo Qu\u00e9bec&#8221;<\/p>\n                  <\/div>\n                <\/div>\n              <\/div>\n            <\/div>\n          <\/div>\n        <\/div>\n      <\/div>\n      <div data-colibri-id=\"2918-c6\" class=\"h-row-container gutters-row-lg-2 gutters-row-md-2 gutters-row-0 gutters-row-v-lg-2 gutters-row-v-md-2 gutters-row-v-2 style-1329 style-local-2918-c6 position-relative\">\n        <!---->\n        <div class=\"h-row justify-content-lg-center justify-content-md-center justify-content-center align-items-lg-stretch align-items-md-stretch align-items-stretch gutters-col-lg-2 gutters-col-md-2 gutters-col-0 gutters-col-v-lg-2 gutters-col-v-md-2 gutters-col-v-2\">\n          <!---->\n          <div class=\"h-column h-column-container d-flex h-col-lg-auto h-col-md-auto h-col-auto style-1330-outer style-local-2918-c7-outer\">\n            <div data-colibri-id=\"2918-c7\" class=\"d-flex h-flex-basis h-column__inner h-px-lg-2 h-px-md-2 h-px-2 v-inner-lg-2 v-inner-md-2 v-inner-2 style-1330 style-local-2918-c7 position-relative\">\n              <!---->\n              <!---->\n              <div class=\"w-100 h-y-container h-column__content h-column__v-align flex-basis-100 align-self-lg-start align-self-md-start align-self-start\">\n                <!---->\n                <div data-colibri-id=\"2918-c8\" class=\"d-block style-1331 style-local-2918-c8 position-relative h-element\">\n                  <!---->\n                  <div class=\"h-image__frame-container-outer\">\n                    <div class=\"h-image__frame-container\">\n                      <!---->\n                      <!---->\n                      <img loading=\"lazy\" decoding=\"async\" width=\"1672\" height=\"306\" src=\"http:\/\/www.planeurs-nivernais.fr\/wp-content\/uploads\/2024\/02\/fcgbq-2.png\" class=\"wp-image-3087 style-1331-image style-local-2918-c8-image\" alt=\"\" srcset=\"https:\/\/www.planeurs-nivernais.fr\/wp-content\/uploads\/2024\/02\/fcgbq-2.png 1672w, https:\/\/www.planeurs-nivernais.fr\/wp-content\/uploads\/2024\/02\/fcgbq-2-300x55.png 300w, https:\/\/www.planeurs-nivernais.fr\/wp-content\/uploads\/2024\/02\/fcgbq-2-1024x187.png 1024w, https:\/\/www.planeurs-nivernais.fr\/wp-content\/uploads\/2024\/02\/fcgbq-2-768x141.png 768w, https:\/\/www.planeurs-nivernais.fr\/wp-content\/uploads\/2024\/02\/fcgbq-2-1536x281.png 1536w\" sizes=\"auto, (max-width: 1672px) 100vw, 1672px\" \/>\n                      <div class=\"h-image__frame h-hide-lg h-hide-md h-hide-sm style-1331-frameImage style-local-2918-c8-frameImage\"><\/div>\n                    <\/div>\n                  <\/div>\n                <\/div>\n                <div data-colibri-id=\"2918-c9\" class=\"h-text h-text-component style-1335 style-local-2918-c9 position-relative h-element\">\n                  <!---->\n                  <!---->\n                  <div class=\"\">\n                    <p>\n                      <br>\n                    <\/p>\n                    <p>\n                      <br>\n                    <\/p>\n                    <p>&#8220;Bravo Qu\u00e9bec&#8221; est un planeur monoplace de la famille &#8220;P\u00e9gase&#8221;. Il p\u00e8se 250 kg \u00e0 vide, pour une envergure de 15 m\u00e8tres.<\/p>\n                    <p>\n                      <br>\n                    <\/p>\n                  <\/div>\n                <\/div>\n                <div data-colibri-id=\"2918-c10\" class=\"h-row-container gutters-row-lg-2 gutters-row-md-2 gutters-row-0 gutters-row-v-lg-2 gutters-row-v-md-2 gutters-row-v-2 style-1336 style-local-2918-c10 position-relative\">\n                  <!---->\n                  <div class=\"h-row justify-content-lg-center justify-content-md-center justify-content-center align-items-lg-stretch align-items-md-stretch align-items-stretch gutters-col-lg-2 gutters-col-md-2 gutters-col-0 gutters-col-v-lg-2 gutters-col-v-md-2 gutters-col-v-2\">\n                    <!---->\n                    <div class=\"h-column h-column-container d-flex h-col-lg-auto h-col-md-auto h-col-auto style-1337-outer style-local-2918-c11-outer\">\n                      <div data-colibri-id=\"2918-c11\" class=\"d-flex h-flex-basis h-column__inner h-px-lg-2 h-px-md-2 h-px-2 v-inner-lg-2 v-inner-md-2 v-inner-2 style-1337 style-local-2918-c11 position-relative\">\n                        <!---->\n                        <!---->\n                        <div class=\"w-100 h-y-container h-column__content h-column__v-align flex-basis-100 align-self-lg-start align-self-md-start align-self-start\">\n                          <!---->\n                          <div data-colibri-id=\"2918-c12\" class=\"h-text h-text-component style-1349 style-local-2918-c12 position-relative h-element\">\n                            <!---->\n                            <!---->\n                            <div class=\"\">\n                              <p>\u2014 Dimensions \u2014<\/p>\n                              <p>\n                                <a href=\"https:\/\/fr.wikipedia.org\/wiki\/Envergure\" style=\"color: rgb(51, 102, 204); font-size: 1em; font-weight: 400; font-family: &quot;Open Sans&quot;;\" class=\"customize-unpreviewable\">Envergure<\/a>&nbsp;: 15&nbsp;m<\/p>\n                              <p>Longueur : 6,8&nbsp;m<\/p>\n                              <p>Hauteur : 1,42 m<\/p>\n                              <p>\n                                <a href=\"https:\/\/fr.wikipedia.org\/wiki\/Surface_alaire\" style=\"color: rgb(51, 102, 204); font-size: 1em; font-weight: 400; font-family: &quot;Open Sans&quot;;\" class=\"customize-unpreviewable\">Surface alaire<\/a>&nbsp;: 10,5&nbsp;m&nbsp;\n                                <sup>2<\/sup>\n                              <\/p>\n                              <p>Masse \u00e0 vide : 255&nbsp;kg<\/p>\n                              <p>Ballast : 120&nbsp;kg<\/p>\n                              <p>Masse maximale : 455&nbsp;kg<\/p>\n                              <p>\n                                <br>\n                              <\/p>\n                            <\/div>\n                          <\/div>\n                        <\/div>\n                      <\/div>\n                    <\/div>\n                    <div class=\"h-column h-column-container d-flex h-col-lg-auto h-col-md-auto h-col-auto style-1338-outer style-local-2918-c13-outer\">\n                      <div data-colibri-id=\"2918-c13\" class=\"d-flex h-flex-basis h-column__inner h-px-lg-2 h-px-md-2 h-px-2 v-inner-lg-2 v-inner-md-2 v-inner-2 style-1338 style-local-2918-c13 position-relative\">\n                        <!---->\n                        <!---->\n                        <div class=\"w-100 h-y-container h-column__content h-column__v-align flex-basis-100 align-self-lg-start align-self-md-start align-self-start\">\n                          <!---->\n                          <div data-colibri-id=\"2918-c14\" class=\"h-text h-text-component style-1350 style-local-2918-c14 position-relative h-element\">\n                            <!---->\n                            <!---->\n                            <div class=\"\">\n                              <p>\u2014 Performances \u2014<\/p>\n                              <p>\n                                <a href=\"https:\/\/fr.wikipedia.org\/wiki\/Vitesse_maximale_d%27un_a%C3%A9ronef\" style=\"color: rgb(51, 102, 204); font-size: 1em; font-weight: 400; font-family: &quot;Open Sans&quot;;\" class=\"customize-unpreviewable\">Vitesse maximale<\/a>&nbsp;: 250 km\/h<\/p>\n                              <p>\n                                <a href=\"https:\/\/fr.wikipedia.org\/wiki\/D%C3%A9crochage_(a%C3%A9rodynamique)\" style=\"color: rgb(51, 102, 204); font-size: 1em; font-weight: 400; font-family: &quot;Open Sans&quot;;\" class=\"customize-unpreviewable\">Vitesse de d\u00e9crochage<\/a>&nbsp;: 63 km\/h<\/p>\n                              <p>\n                                <a href=\"https:\/\/fr.wikipedia.org\/wiki\/Finesse_(a%C3%A9rodynamique)\" style=\"color: rgb(51, 102, 204); font-size: 1em; font-weight: 400; font-family: &quot;Open Sans&quot;;\" class=\"customize-unpreviewable\">Finesse max.<\/a>&nbsp;: 41<\/p>\n                              <p>\n                                <a href=\"https:\/\/fr.wikipedia.org\/wiki\/Taux_de_chute\" style=\"color: rgb(51, 102, 204); font-size: 1em; font-weight: 400; font-family: &quot;Open Sans&quot;;\" class=\"customize-unpreviewable\">Taux de chute minimal<\/a>&nbsp;: 0,6 m\/s<\/p>\n                              <p>\n                                <br>\n                              <\/p>\n                            <\/div>\n                          <\/div>\n                        <\/div>\n                      <\/div>\n                    <\/div>\n                  <\/div>\n                <\/div>\n              <\/div>\n            <\/div>\n          <\/div>\n        <\/div>\n      <\/div>\n    <\/div>\n  <\/div>\n<\/div>","protected":false},"excerpt":{"rendered":"<p>F-CGBQ &#8211; &#8220;Bravo Qu\u00e9bec&#8221; &#8220;Bravo Qu\u00e9bec&#8221; est un planeur monoplace de la famille &#8220;P\u00e9gase&#8221;. Il p\u00e8se 250 kg \u00e0 vide, pour une envergure de 15 m\u00e8tres. \u2014 Dimensions \u2014 Envergure&nbsp;: 15&nbsp;m Longueur : 6,8&nbsp;m Hauteur : 1,42 m Surface alaire&nbsp;: 10,5&nbsp;m&nbsp; 2 Masse \u00e0 vide : 255&nbsp;kg Ballast : 120&nbsp;kg Masse maximale : 455&nbsp;kg \u2014 [&hellip;]<\/p>\n","protected":false},"author":1,"featured_media":0,"parent":0,"menu_order":0,"comment_status":"closed","ping_status":"closed","template":"page-templates\/full-width-page.php","meta":{"footnotes":""},"class_list":["post-2918","page","type-page","status-publish","hentry"],"yoast_head":"<!-- This site is optimized with the Yoast SEO plugin v24.7 - https:\/\/yoast.com\/wordpress\/plugins\/seo\/ -->\n<title>Planeurs Nivernais | CVVN58 | Planeur Nevers Ni\u00e8vre<\/title>\n<meta name=\"description\" content=\"Vol en planeur \u00e0 Nevers Ni\u00e8vre | Planeurs Nivernais | CVVN58\" \/>\n<meta name=\"robots\" content=\"index, follow, max-snippet:-1, max-image-preview:large, max-video-preview:-1\" \/>\n<link rel=\"canonical\" href=\"https:\/\/www.planeurs-nivernais.fr\/index.php\/f-cgbq\/\" \/>\n<meta property=\"og:locale\" content=\"en_US\" \/>\n<meta property=\"og:type\" content=\"article\" \/>\n<meta property=\"og:title\" content=\"Planeurs Nivernais | CVVN58 | Planeur Nevers Ni\u00e8vre\" \/>\n<meta property=\"og:description\" content=\"Vol en planeur \u00e0 Nevers Ni\u00e8vre | Planeurs Nivernais | CVVN58\" \/>\n<meta property=\"og:url\" content=\"https:\/\/www.planeurs-nivernais.fr\/index.php\/f-cgbq\/\" \/>\n<meta property=\"og:site_name\" content=\"Planeurs Nivernais | CVVN58 | Planeur Nevers Ni\u00e8vre\" \/>\n<meta property=\"article:modified_time\" content=\"2024-02-16T13:49:28+00:00\" \/>\n<meta property=\"og:image\" content=\"http:\/\/www.planeurs-nivernais.fr\/wp-content\/uploads\/2024\/02\/fcgbq-2.png\" \/>\n<meta name=\"twitter:card\" content=\"summary_large_image\" \/>\n<script type=\"application\/ld+json\" class=\"yoast-schema-graph\">{\"@context\":\"https:\/\/schema.org\",\"@graph\":[{\"@type\":\"WebPage\",\"@id\":\"https:\/\/www.planeurs-nivernais.fr\/index.php\/f-cgbq\/\",\"url\":\"https:\/\/www.planeurs-nivernais.fr\/index.php\/f-cgbq\/\",\"name\":\"Planeurs Nivernais | CVVN58 | Planeur Nevers Ni\u00e8vre\",\"isPartOf\":{\"@id\":\"https:\/\/www.planeurs-nivernais.fr\/#website\"},\"primaryImageOfPage\":{\"@id\":\"https:\/\/www.planeurs-nivernais.fr\/index.php\/f-cgbq\/#primaryimage\"},\"image\":{\"@id\":\"https:\/\/www.planeurs-nivernais.fr\/index.php\/f-cgbq\/#primaryimage\"},\"thumbnailUrl\":\"http:\/\/www.planeurs-nivernais.fr\/wp-content\/uploads\/2024\/02\/fcgbq-2.png\",\"datePublished\":\"2024-02-14T21:01:39+00:00\",\"dateModified\":\"2024-02-16T13:49:28+00:00\",\"description\":\"Vol en planeur \u00e0 Nevers Ni\u00e8vre | Planeurs Nivernais | CVVN58\",\"breadcrumb\":{\"@id\":\"https:\/\/www.planeurs-nivernais.fr\/index.php\/f-cgbq\/#breadcrumb\"},\"inLanguage\":\"en-US\",\"potentialAction\":[{\"@type\":\"ReadAction\",\"target\":[\"https:\/\/www.planeurs-nivernais.fr\/index.php\/f-cgbq\/\"]}]},{\"@type\":\"ImageObject\",\"inLanguage\":\"en-US\",\"@id\":\"https:\/\/www.planeurs-nivernais.fr\/index.php\/f-cgbq\/#primaryimage\",\"url\":\"http:\/\/www.planeurs-nivernais.fr\/wp-content\/uploads\/2024\/02\/fcgbq-2.png\",\"contentUrl\":\"http:\/\/www.planeurs-nivernais.fr\/wp-content\/uploads\/2024\/02\/fcgbq-2.png\"},{\"@type\":\"BreadcrumbList\",\"@id\":\"https:\/\/www.planeurs-nivernais.fr\/index.php\/f-cgbq\/#breadcrumb\",\"itemListElement\":[{\"@type\":\"ListItem\",\"position\":1,\"name\":\"Accueil\",\"item\":\"https:\/\/www.planeurs-nivernais.fr\/\"},{\"@type\":\"ListItem\",\"position\":2,\"name\":\"F-CGBQ\"}]},{\"@type\":\"WebSite\",\"@id\":\"https:\/\/www.planeurs-nivernais.fr\/#website\",\"url\":\"https:\/\/www.planeurs-nivernais.fr\/\",\"name\":\"Planeurs Nivernais | CVVN58 | Planeur Nevers Ni\u00e8vre\",\"description\":\"\",\"publisher\":{\"@id\":\"https:\/\/www.planeurs-nivernais.fr\/#organization\"},\"potentialAction\":[{\"@type\":\"SearchAction\",\"target\":{\"@type\":\"EntryPoint\",\"urlTemplate\":\"https:\/\/www.planeurs-nivernais.fr\/?s={search_term_string}\"},\"query-input\":{\"@type\":\"PropertyValueSpecification\",\"valueRequired\":true,\"valueName\":\"search_term_string\"}}],\"inLanguage\":\"en-US\"},{\"@type\":\"Organization\",\"@id\":\"https:\/\/www.planeurs-nivernais.fr\/#organization\",\"name\":\"Planeurs Nivernais | CVVN58 | Planeur Nevers Ni\u00e8vre\",\"url\":\"https:\/\/www.planeurs-nivernais.fr\/\",\"logo\":{\"@type\":\"ImageObject\",\"inLanguage\":\"en-US\",\"@id\":\"https:\/\/www.planeurs-nivernais.fr\/#\/schema\/logo\/image\/\",\"url\":\"http:\/\/www.planeurs-nivernais.fr\/wp-content\/uploads\/2020\/05\/cropped-logo.png\",\"contentUrl\":\"http:\/\/www.planeurs-nivernais.fr\/wp-content\/uploads\/2020\/05\/cropped-logo.png\",\"width\":213,\"height\":110,\"caption\":\"Planeurs Nivernais | CVVN58 | Planeur Nevers Ni\u00e8vre\"},\"image\":{\"@id\":\"https:\/\/www.planeurs-nivernais.fr\/#\/schema\/logo\/image\/\"}}]}<\/script>\n<!-- \/ Yoast SEO plugin. -->","yoast_head_json":{"title":"Planeurs Nivernais | CVVN58 | Planeur Nevers Ni\u00e8vre","description":"Vol en planeur \u00e0 Nevers Ni\u00e8vre | Planeurs Nivernais | CVVN58","robots":{"index":"index","follow":"follow","max-snippet":"max-snippet:-1","max-image-preview":"max-image-preview:large","max-video-preview":"max-video-preview:-1"},"canonical":"https:\/\/www.planeurs-nivernais.fr\/index.php\/f-cgbq\/","og_locale":"en_US","og_type":"article","og_title":"Planeurs Nivernais | CVVN58 | Planeur Nevers Ni\u00e8vre","og_description":"Vol en planeur \u00e0 Nevers Ni\u00e8vre | Planeurs Nivernais | CVVN58","og_url":"https:\/\/www.planeurs-nivernais.fr\/index.php\/f-cgbq\/","og_site_name":"Planeurs Nivernais | CVVN58 | Planeur Nevers Ni\u00e8vre","article_modified_time":"2024-02-16T13:49:28+00:00","og_image":[{"url":"http:\/\/www.planeurs-nivernais.fr\/wp-content\/uploads\/2024\/02\/fcgbq-2.png","type":"","width":"","height":""}],"twitter_card":"summary_large_image","schema":{"@context":"https:\/\/schema.org","@graph":[{"@type":"WebPage","@id":"https:\/\/www.planeurs-nivernais.fr\/index.php\/f-cgbq\/","url":"https:\/\/www.planeurs-nivernais.fr\/index.php\/f-cgbq\/","name":"Planeurs Nivernais | CVVN58 | Planeur Nevers Ni\u00e8vre","isPartOf":{"@id":"https:\/\/www.planeurs-nivernais.fr\/#website"},"primaryImageOfPage":{"@id":"https:\/\/www.planeurs-nivernais.fr\/index.php\/f-cgbq\/#primaryimage"},"image":{"@id":"https:\/\/www.planeurs-nivernais.fr\/index.php\/f-cgbq\/#primaryimage"},"thumbnailUrl":"http:\/\/www.planeurs-nivernais.fr\/wp-content\/uploads\/2024\/02\/fcgbq-2.png","datePublished":"2024-02-14T21:01:39+00:00","dateModified":"2024-02-16T13:49:28+00:00","description":"Vol en planeur \u00e0 Nevers Ni\u00e8vre | Planeurs Nivernais | CVVN58","breadcrumb":{"@id":"https:\/\/www.planeurs-nivernais.fr\/index.php\/f-cgbq\/#breadcrumb"},"inLanguage":"en-US","potentialAction":[{"@type":"ReadAction","target":["https:\/\/www.planeurs-nivernais.fr\/index.php\/f-cgbq\/"]}]},{"@type":"ImageObject","inLanguage":"en-US","@id":"https:\/\/www.planeurs-nivernais.fr\/index.php\/f-cgbq\/#primaryimage","url":"http:\/\/www.planeurs-nivernais.fr\/wp-content\/uploads\/2024\/02\/fcgbq-2.png","contentUrl":"http:\/\/www.planeurs-nivernais.fr\/wp-content\/uploads\/2024\/02\/fcgbq-2.png"},{"@type":"BreadcrumbList","@id":"https:\/\/www.planeurs-nivernais.fr\/index.php\/f-cgbq\/#breadcrumb","itemListElement":[{"@type":"ListItem","position":1,"name":"Accueil","item":"https:\/\/www.planeurs-nivernais.fr\/"},{"@type":"ListItem","position":2,"name":"F-CGBQ"}]},{"@type":"WebSite","@id":"https:\/\/www.planeurs-nivernais.fr\/#website","url":"https:\/\/www.planeurs-nivernais.fr\/","name":"Planeurs Nivernais | CVVN58 | Planeur Nevers Ni\u00e8vre","description":"","publisher":{"@id":"https:\/\/www.planeurs-nivernais.fr\/#organization"},"potentialAction":[{"@type":"SearchAction","target":{"@type":"EntryPoint","urlTemplate":"https:\/\/www.planeurs-nivernais.fr\/?s={search_term_string}"},"query-input":{"@type":"PropertyValueSpecification","valueRequired":true,"valueName":"search_term_string"}}],"inLanguage":"en-US"},{"@type":"Organization","@id":"https:\/\/www.planeurs-nivernais.fr\/#organization","name":"Planeurs Nivernais | CVVN58 | Planeur Nevers Ni\u00e8vre","url":"https:\/\/www.planeurs-nivernais.fr\/","logo":{"@type":"ImageObject","inLanguage":"en-US","@id":"https:\/\/www.planeurs-nivernais.fr\/#\/schema\/logo\/image\/","url":"http:\/\/www.planeurs-nivernais.fr\/wp-content\/uploads\/2020\/05\/cropped-logo.png","contentUrl":"http:\/\/www.planeurs-nivernais.fr\/wp-content\/uploads\/2020\/05\/cropped-logo.png","width":213,"height":110,"caption":"Planeurs Nivernais | CVVN58 | Planeur Nevers Ni\u00e8vre"},"image":{"@id":"https:\/\/www.planeurs-nivernais.fr\/#\/schema\/logo\/image\/"}}]}},"_links":{"self":[{"href":"https:\/\/www.planeurs-nivernais.fr\/index.php\/wp-json\/wp\/v2\/pages\/2918","targetHints":{"allow":["GET"]}}],"collection":[{"href":"https:\/\/www.planeurs-nivernais.fr\/index.php\/wp-json\/wp\/v2\/pages"}],"about":[{"href":"https:\/\/www.planeurs-nivernais.fr\/index.php\/wp-json\/wp\/v2\/types\/page"}],"author":[{"embeddable":true,"href":"https:\/\/www.planeurs-nivernais.fr\/index.php\/wp-json\/wp\/v2\/users\/1"}],"replies":[{"embeddable":true,"href":"https:\/\/www.planeurs-nivernais.fr\/index.php\/wp-json\/wp\/v2\/comments?post=2918"}],"version-history":[{"count":7,"href":"https:\/\/www.planeurs-nivernais.fr\/index.php\/wp-json\/wp\/v2\/pages\/2918\/revisions"}],"predecessor-version":[{"id":3336,"href":"https:\/\/www.planeurs-nivernais.fr\/index.php\/wp-json\/wp\/v2\/pages\/2918\/revisions\/3336"}],"wp:attachment":[{"href":"https:\/\/www.planeurs-nivernais.fr\/index.php\/wp-json\/wp\/v2\/media?parent=2918"}],"curies":[{"name":"wp","href":"https:\/\/api.w.org\/{rel}","templated":true}]}}