{"id":3553,"date":"2025-03-26T21:38:23","date_gmt":"2025-03-26T20:38:23","guid":{"rendered":"https:\/\/www.planeurs-nivernais.fr\/?page_id=3553"},"modified":"2025-03-26T21:56:54","modified_gmt":"2025-03-26T20:56:54","slug":"colibri-3553","status":"publish","type":"page","link":"https:\/\/www.planeurs-nivernais.fr\/index.php\/colibri-3553\/","title":{"rendered":"F-CPQA"},"content":{"rendered":"<div data-colibri-id=\"3553-c1\" class=\"style-1437 style-local-3553-c1 position-relative\">\n  <!---->\n  <div data-colibri-component=\"section\" data-colibri-id=\"3553-c2\" id=\"custom\" class=\"h-section h-section-global-spacing d-flex align-items-lg-center align-items-md-center align-items-center style-1438 style-local-3553-c2 position-relative\">\n    <!---->\n    <!---->\n    <div class=\"h-section-grid-container h-section-boxed-container\">\n      <!---->\n      <div data-colibri-id=\"3553-c3\" class=\"h-row-container gutters-row-lg-2 gutters-row-md-2 gutters-row-0 gutters-row-v-lg-2 gutters-row-v-md-2 gutters-row-v-2 style-1439 style-local-3553-c3 position-relative\">\n        <!---->\n        <div class=\"h-row justify-content-lg-center justify-content-md-center justify-content-center align-items-lg-stretch align-items-md-stretch align-items-stretch gutters-col-lg-2 gutters-col-md-2 gutters-col-0 gutters-col-v-lg-2 gutters-col-v-md-2 gutters-col-v-2\">\n          <!---->\n          <div class=\"h-column h-column-container d-flex h-col-lg-auto h-col-md-auto h-col-auto style-1440-outer style-local-3553-c4-outer\">\n            <div data-colibri-id=\"3553-c4\" class=\"d-flex h-flex-basis h-column__inner h-px-lg-2 h-px-md-2 h-px-2 v-inner-lg-2 v-inner-md-2 v-inner-2 style-1440 style-local-3553-c4 position-relative\">\n              <!---->\n              <!---->\n              <div class=\"w-100 h-y-container h-column__content h-column__v-align flex-basis-100 align-self-lg-start align-self-md-start align-self-start\">\n                <!---->\n                <div data-colibri-id=\"3553-c5\" class=\"h-text h-text-component style-1441 style-local-3553-c5 position-relative h-element\">\n                  <!---->\n                  <!---->\n                  <div class=\"\">\n                    <p><span style=\"color: rgb(70, 112, 127); font-family: &quot;Open Sans&quot;; font-size: 28px; font-weight: 600;\">F-CPQA \u2013 \u201cQu\u00e9bec Alpha\u201d<\/span><\/p>\n                  <\/div>\n                <\/div>\n              <\/div>\n            <\/div>\n          <\/div>\n        <\/div>\n      <\/div>\n      <div data-colibri-id=\"3553-c6\" class=\"h-row-container gutters-row-lg-2 gutters-row-md-2 gutters-row-0 gutters-row-v-lg-2 gutters-row-v-md-2 gutters-row-v-2 style-1442 style-local-3553-c6 position-relative\">\n        <!---->\n        <div class=\"h-row justify-content-lg-center justify-content-md-center justify-content-center align-items-lg-stretch align-items-md-stretch align-items-stretch gutters-col-lg-2 gutters-col-md-2 gutters-col-0 gutters-col-v-lg-2 gutters-col-v-md-2 gutters-col-v-2\">\n          <!---->\n          <div class=\"h-column h-column-container d-flex h-col-lg-auto h-col-md-auto h-col-auto style-1443-outer style-local-3553-c7-outer\">\n            <div data-colibri-id=\"3553-c7\" class=\"d-flex h-flex-basis h-column__inner h-ui-empty-state-container h-px-lg-2 h-px-md-2 h-px-2 v-inner-lg-2 v-inner-md-2 v-inner-2 style-1443 style-local-3553-c7 position-relative\">\n              <!---->\n              <!---->\n              <div class=\"w-100 h-y-container h-column__content h-column__v-align flex-basis-100\">\n                <!---->\n              <\/div>\n            <\/div>\n          <\/div>\n          <div class=\"h-column h-column-container d-flex h-col-lg-auto h-col-md-auto h-col-auto style-1444-outer style-local-3553-c8-outer\">\n            <div data-colibri-id=\"3553-c8\" class=\"d-flex h-flex-basis h-column__inner h-px-lg-2 h-px-md-2 h-px-2 v-inner-lg-2 v-inner-md-2 v-inner-2 style-1444 style-local-3553-c8 position-relative\">\n              <!---->\n              <!---->\n              <div class=\"w-100 h-y-container h-column__content h-column__v-align flex-basis-100 align-self-lg-start align-self-md-start align-self-start\">\n                <!---->\n                <div data-colibri-id=\"3553-c9\" class=\"d-block style-1445 style-local-3553-c9 position-relative h-element\">\n                  <!---->\n                  <div class=\"h-image__frame-container-outer\">\n                    <div class=\"h-image__frame-container\">\n                      <!---->\n                      <!---->\n                      <img loading=\"lazy\" decoding=\"async\" width=\"1278\" height=\"429\" src=\"http:\/\/www.planeurs-nivernais.fr\/wp-content\/uploads\/2025\/03\/cropped-F-CPQA.jpg\" class=\"wp-image-3565 style-1445-image style-local-3553-c9-image\" alt=\"\" srcset=\"https:\/\/www.planeurs-nivernais.fr\/wp-content\/uploads\/2025\/03\/cropped-F-CPQA.jpg 1278w, https:\/\/www.planeurs-nivernais.fr\/wp-content\/uploads\/2025\/03\/cropped-F-CPQA-300x101.jpg 300w, https:\/\/www.planeurs-nivernais.fr\/wp-content\/uploads\/2025\/03\/cropped-F-CPQA-1024x344.jpg 1024w, https:\/\/www.planeurs-nivernais.fr\/wp-content\/uploads\/2025\/03\/cropped-F-CPQA-768x258.jpg 768w\" sizes=\"auto, (max-width: 1278px) 100vw, 1278px\" \/>\n                      <div class=\"h-image__frame h-hide-lg h-hide-md h-hide-sm style-1445-frameImage style-local-3553-c9-frameImage\"><\/div>\n                    <\/div>\n                  <\/div>\n                <\/div>\n              <\/div>\n            <\/div>\n          <\/div>\n        <\/div>\n      <\/div>\n      <div data-colibri-id=\"3553-c10\" class=\"h-row-container gutters-row-lg-2 gutters-row-md-2 gutters-row-0 gutters-row-v-lg-2 gutters-row-v-md-2 gutters-row-v-2 style-1446 style-local-3553-c10 position-relative\">\n        <!---->\n        <div class=\"h-row justify-content-lg-center justify-content-md-center justify-content-center align-items-lg-stretch align-items-md-stretch align-items-stretch gutters-col-lg-2 gutters-col-md-2 gutters-col-0 gutters-col-v-lg-2 gutters-col-v-md-2 gutters-col-v-2\">\n          <!---->\n          <div class=\"h-column h-column-container d-flex h-col-lg-auto h-col-md-auto h-col-auto style-1448-outer style-local-3553-c12-outer\">\n            <div data-colibri-id=\"3553-c12\" class=\"d-flex h-flex-basis h-column__inner h-px-lg-2 h-px-md-2 h-px-2 v-inner-lg-2 v-inner-md-2 v-inner-2 style-1448 style-local-3553-c12 position-relative\">\n              <!---->\n              <!---->\n              <div class=\"w-100 h-y-container h-column__content h-column__v-align flex-basis-100 align-self-lg-start align-self-md-start align-self-start\">\n                <!---->\n                <div data-colibri-id=\"3553-c13\" class=\"h-text h-text-component style-1449 style-local-3553-c13 position-relative h-element\">\n                  <!---->\n                  <!---->\n                  <div class=\"\">\n                    <p><span style=\"color: rgb(70, 112, 127); font-family: &quot;Open Sans&quot;; font-size: 16px; font-weight: 400;\">\u201cQu\u00e9bec Alpha\u201d est un planeur biplace de la type \u201c<\/span>Schleicher ASK 13<span style=\"color: rgb(70, 112, 127); font-family: &quot;Open Sans&quot;; font-size: 16px; font-weight: 400;\">\u201d. Il p\u00e8se 290kg \u00e0 vide, pour une envergure de 16 m\u00e8tres. QA est utilis\u00e9 en \u00e9cole, pour les vols de d\u00e9couverte, les bapt\u00eames ou les vols en duo.<\/span><\/p>\n                  <\/div>\n                <\/div>\n              <\/div>\n            <\/div>\n          <\/div>\n        <\/div>\n      <\/div>\n      <div data-colibri-id=\"3553-c14\" class=\"h-row-container gutters-row-lg-2 gutters-row-md-2 gutters-row-0 gutters-row-v-lg-2 gutters-row-v-md-2 gutters-row-v-2 style-1450 style-local-3553-c14 position-relative\">\n        <!---->\n        <div class=\"h-row justify-content-lg-center justify-content-md-center justify-content-center align-items-lg-stretch align-items-md-stretch align-items-stretch gutters-col-lg-2 gutters-col-md-2 gutters-col-0 gutters-col-v-lg-2 gutters-col-v-md-2 gutters-col-v-2\">\n          <!---->\n          <div class=\"h-column h-column-container d-flex h-col-lg-auto h-col-md-auto h-col-auto style-1451-outer style-local-3553-c15-outer\">\n            <div data-colibri-id=\"3553-c15\" class=\"d-flex h-flex-basis h-column__inner h-px-lg-2 h-px-md-2 h-px-2 v-inner-lg-2 v-inner-md-2 v-inner-2 style-1451 style-local-3553-c15 position-relative\">\n              <!---->\n              <!---->\n              <div class=\"w-100 h-y-container h-column__content h-column__v-align flex-basis-100 align-self-lg-start align-self-md-start align-self-start\">\n                <!---->\n                <div data-colibri-id=\"3553-c17\" class=\"h-text h-text-component style-1453 style-local-3553-c17 position-relative h-element\">\n                  <!---->\n                  <!---->\n                  <div class=\"\">\n                    <p>\u2014 Dimensions \u2014<\/p>\n                    <p>\n                      <a href=\"https:\/\/fr.wikipedia.org\/wiki\/Envergure\" style=\"color: rgb(51, 102, 204); font-size: 1em; font-weight: 400; font-family: &quot;Open Sans&quot;;\" class=\"customize-unpreviewable\">Envergure<\/a>&nbsp;: 16 m<\/p>\n                    <p>Longueur : 8,2 m<\/p>\n                    <p>Hauteur :&nbsp;<\/p>\n                    <p>\n                      <a href=\"https:\/\/fr.wikipedia.org\/wiki\/Surface_alaire\" style=\"color: rgb(51, 102, 204); font-size: 1em; font-weight: 400; font-family: &quot;Open Sans&quot;;\" class=\"customize-unpreviewable\">Surface alaire<\/a>&nbsp;: <\/p>\n                    <p>Masse \u00e0 vide : 290 kg<\/p>\n                    <p>Masse maximale : <\/p>\n                    <p>\n                      <br>\n                    <\/p>\n                  <\/div>\n                <\/div>\n              <\/div>\n            <\/div>\n          <\/div>\n          <div class=\"h-column h-column-container d-flex h-col-lg-auto h-col-md-auto h-col-auto style-1452-outer style-local-3553-c16-outer\">\n            <div data-colibri-id=\"3553-c16\" class=\"d-flex h-flex-basis h-column__inner h-px-lg-2 h-px-md-2 h-px-2 v-inner-lg-2 v-inner-md-2 v-inner-2 style-1452 style-local-3553-c16 position-relative\">\n              <!---->\n              <!---->\n              <div class=\"w-100 h-y-container h-column__content h-column__v-align flex-basis-100 align-self-lg-start align-self-md-start align-self-start\">\n                <!---->\n                <div data-colibri-id=\"3553-c18\" class=\"h-text h-text-component style-1454 style-local-3553-c18 position-relative h-element\">\n                  <!---->\n                  <!---->\n                  <div class=\"\">\n                    <p>\u2014 Performances \u2014<\/p>\n                    <p>\n                      <a href=\"https:\/\/fr.wikipedia.org\/wiki\/Vitesse_maximale_d%27un_a%C3%A9ronef\" style=\"color: rgb(51, 102, 204); font-size: 1em; font-weight: 400; font-family: &quot;Open Sans&quot;;\" class=\"customize-unpreviewable\">Vitesse maximale<\/a>&nbsp;: km\/h<\/p>\n                    <p>\n                      <a href=\"https:\/\/fr.wikipedia.org\/wiki\/D%C3%A9crochage_(a%C3%A9rodynamique)\" style=\"color: rgb(51, 102, 204); font-size: 1em; font-weight: 400; font-family: &quot;Open Sans&quot;;\" class=\"customize-unpreviewable\">Vitesse de d\u00e9crochage<\/a>&nbsp;: km\/h<\/p>\n                    <p>\n                      <a href=\"https:\/\/fr.wikipedia.org\/wiki\/Finesse_(a%C3%A9rodynamique)\" style=\"color: rgb(51, 102, 204); font-size: 1em; font-weight: 400; font-family: &quot;Open Sans&quot;;\" class=\"customize-unpreviewable\">Finesse max.<\/a>&nbsp;: &#8211; \u00e0 &#8211; km\/h<\/p>\n                    <p>\n                      <a href=\"https:\/\/fr.wikipedia.org\/wiki\/Taux_de_chute\" style=\"color: rgb(51, 102, 204); font-size: 1em; font-weight: 400; font-family: &quot;Open Sans&quot;;\" class=\"customize-unpreviewable\">Taux de chute minimal<\/a>&nbsp;: &#8211;<\/p>\n                    <p>\n                      <br>\n                    <\/p>\n                  <\/div>\n                <\/div>\n              <\/div>\n            <\/div>\n          <\/div>\n        <\/div>\n      <\/div>\n      <div data-colibri-id=\"3553-c19\" class=\"h-row-container gutters-row-lg-2 gutters-row-md-2 gutters-row-0 gutters-row-v-lg-2 gutters-row-v-md-2 gutters-row-v-2 style-1455 style-local-3553-c19 position-relative\">\n        <!---->\n        <div class=\"h-row justify-content-lg-center justify-content-md-center justify-content-center align-items-lg-stretch align-items-md-stretch align-items-stretch gutters-col-lg-2 gutters-col-md-2 gutters-col-0 gutters-col-v-lg-2 gutters-col-v-md-2 gutters-col-v-2\">\n          <!---->\n          <div class=\"h-column h-column-container d-flex h-col-lg-auto h-col-md-auto h-col-auto style-1456-outer style-local-3553-c20-outer\">\n            <div data-colibri-id=\"3553-c20\" class=\"d-flex h-flex-basis h-column__inner h-px-lg-2 h-px-md-2 h-px-2 v-inner-lg-2 v-inner-md-2 v-inner-2 style-1456 style-local-3553-c20 position-relative\">\n              <!---->\n              <!---->\n              <div class=\"w-100 h-y-container h-column__content h-column__v-align flex-basis-100 align-self-lg-start align-self-md-start align-self-start\">\n                <!---->\n                <div data-colibri-id=\"3553-c22\" class=\"d-block style-1458 style-local-3553-c22 position-relative h-element\">\n                  <!---->\n                  <div class=\"h-image__frame-container-outer\">\n                    <div class=\"h-image__frame-container\">\n                      <!---->\n                      <!---->\n                      <img loading=\"lazy\" decoding=\"async\" width=\"919\" height=\"919\" src=\"http:\/\/www.planeurs-nivernais.fr\/wp-content\/uploads\/2025\/03\/cropped-IMG_4023.jpg\" class=\"wp-image-3595 style-1458-image style-local-3553-c22-image\" alt=\"\" srcset=\"https:\/\/www.planeurs-nivernais.fr\/wp-content\/uploads\/2025\/03\/cropped-IMG_4023.jpg 919w, https:\/\/www.planeurs-nivernais.fr\/wp-content\/uploads\/2025\/03\/cropped-IMG_4023-300x300.jpg 300w, https:\/\/www.planeurs-nivernais.fr\/wp-content\/uploads\/2025\/03\/cropped-IMG_4023-150x150.jpg 150w, https:\/\/www.planeurs-nivernais.fr\/wp-content\/uploads\/2025\/03\/cropped-IMG_4023-768x768.jpg 768w\" sizes=\"auto, (max-width: 919px) 100vw, 919px\" \/>\n                      <div class=\"h-image__frame h-hide-lg h-hide-md h-hide-sm style-1458-frameImage style-local-3553-c22-frameImage\"><\/div>\n                    <\/div>\n                  <\/div>\n                <\/div>\n              <\/div>\n            <\/div>\n          <\/div>\n          <div class=\"h-column h-column-container d-flex h-col-lg-auto h-col-md-auto h-col-auto style-1457-outer style-local-3553-c21-outer\">\n            <div data-colibri-id=\"3553-c21\" class=\"d-flex h-flex-basis h-column__inner h-px-lg-2 h-px-md-2 h-px-2 v-inner-lg-2 v-inner-md-2 v-inner-2 style-1457 style-local-3553-c21 position-relative\">\n              <!---->\n              <!---->\n              <div class=\"w-100 h-y-container h-column__content h-column__v-align flex-basis-100 align-self-lg-start align-self-md-start align-self-start\">\n                <!---->\n                <div data-colibri-id=\"3553-c23\" class=\"d-block style-1459 style-local-3553-c23 position-relative h-element\">\n                  <!---->\n                  <div class=\"h-image__frame-container-outer\">\n                    <div class=\"h-image__frame-container\">\n                      <!---->\n                      <!---->\n                      <img loading=\"lazy\" decoding=\"async\" width=\"1377\" height=\"594\" src=\"http:\/\/www.planeurs-nivernais.fr\/wp-content\/uploads\/2025\/03\/cropped-IMG_4021.jpg\" class=\"wp-image-3597 style-1459-image style-local-3553-c23-image\" alt=\"\" srcset=\"https:\/\/www.planeurs-nivernais.fr\/wp-content\/uploads\/2025\/03\/cropped-IMG_4021.jpg 1377w, https:\/\/www.planeurs-nivernais.fr\/wp-content\/uploads\/2025\/03\/cropped-IMG_4021-300x129.jpg 300w, https:\/\/www.planeurs-nivernais.fr\/wp-content\/uploads\/2025\/03\/cropped-IMG_4021-1024x442.jpg 1024w, https:\/\/www.planeurs-nivernais.fr\/wp-content\/uploads\/2025\/03\/cropped-IMG_4021-768x331.jpg 768w\" sizes=\"auto, (max-width: 1377px) 100vw, 1377px\" \/>\n                      <div class=\"h-image__frame h-hide-lg h-hide-md h-hide-sm style-1459-frameImage style-local-3553-c23-frameImage\"><\/div>\n                    <\/div>\n                  <\/div>\n                <\/div>\n              <\/div>\n            <\/div>\n          <\/div>\n        <\/div>\n      <\/div>\n    <\/div>\n  <\/div>\n<\/div>","protected":false},"excerpt":{"rendered":"<p>F-CPQA \u2013 \u201cQu\u00e9bec Alpha\u201d \u201cQu\u00e9bec Alpha\u201d est un planeur biplace de la type \u201cSchleicher ASK 13\u201d. Il p\u00e8se 290kg \u00e0 vide, pour une envergure de 16 m\u00e8tres. QA est utilis\u00e9 en \u00e9cole, pour les vols de d\u00e9couverte, les bapt\u00eames ou les vols en duo. \u2014 Dimensions \u2014 Envergure&nbsp;: 16 m Longueur : 8,2 m Hauteur [&hellip;]<\/p>\n","protected":false},"author":1,"featured_media":0,"parent":0,"menu_order":0,"comment_status":"closed","ping_status":"closed","template":"page-templates\/full-width-page.php","meta":{"footnotes":""},"class_list":["post-3553","page","type-page","status-publish","hentry"],"yoast_head":"<!-- This site is optimized with the Yoast SEO plugin v24.7 - https:\/\/yoast.com\/wordpress\/plugins\/seo\/ -->\n<title>Planeurs Nivernais | CVVN58 | Planeur Nevers Ni\u00e8vre<\/title>\n<meta name=\"description\" content=\"Vol en planeur \u00e0 Nevers Ni\u00e8vre | Planeurs Nivernais | CVVN58\" \/>\n<meta name=\"robots\" content=\"index, follow, max-snippet:-1, max-image-preview:large, max-video-preview:-1\" \/>\n<link rel=\"canonical\" href=\"https:\/\/www.planeurs-nivernais.fr\/index.php\/colibri-3553\/\" \/>\n<meta property=\"og:locale\" content=\"en_US\" \/>\n<meta property=\"og:type\" content=\"article\" \/>\n<meta property=\"og:title\" content=\"Planeurs Nivernais | CVVN58 | Planeur Nevers Ni\u00e8vre\" \/>\n<meta property=\"og:description\" content=\"Vol en planeur \u00e0 Nevers Ni\u00e8vre | Planeurs Nivernais | CVVN58\" \/>\n<meta property=\"og:url\" content=\"https:\/\/www.planeurs-nivernais.fr\/index.php\/colibri-3553\/\" \/>\n<meta property=\"og:site_name\" content=\"Planeurs Nivernais | CVVN58 | Planeur Nevers Ni\u00e8vre\" \/>\n<meta property=\"article:modified_time\" content=\"2025-03-26T20:56:54+00:00\" \/>\n<meta property=\"og:image\" content=\"http:\/\/www.planeurs-nivernais.fr\/wp-content\/uploads\/2025\/03\/cropped-F-CPQA.jpg\" \/>\n<meta name=\"twitter:card\" content=\"summary_large_image\" \/>\n<script type=\"application\/ld+json\" class=\"yoast-schema-graph\">{\"@context\":\"https:\/\/schema.org\",\"@graph\":[{\"@type\":\"WebPage\",\"@id\":\"https:\/\/www.planeurs-nivernais.fr\/index.php\/colibri-3553\/\",\"url\":\"https:\/\/www.planeurs-nivernais.fr\/index.php\/colibri-3553\/\",\"name\":\"Planeurs Nivernais | CVVN58 | Planeur Nevers Ni\u00e8vre\",\"isPartOf\":{\"@id\":\"https:\/\/www.planeurs-nivernais.fr\/#website\"},\"primaryImageOfPage\":{\"@id\":\"https:\/\/www.planeurs-nivernais.fr\/index.php\/colibri-3553\/#primaryimage\"},\"image\":{\"@id\":\"https:\/\/www.planeurs-nivernais.fr\/index.php\/colibri-3553\/#primaryimage\"},\"thumbnailUrl\":\"http:\/\/www.planeurs-nivernais.fr\/wp-content\/uploads\/2025\/03\/cropped-F-CPQA.jpg\",\"datePublished\":\"2025-03-26T20:38:23+00:00\",\"dateModified\":\"2025-03-26T20:56:54+00:00\",\"description\":\"Vol en planeur \u00e0 Nevers Ni\u00e8vre | Planeurs Nivernais | CVVN58\",\"breadcrumb\":{\"@id\":\"https:\/\/www.planeurs-nivernais.fr\/index.php\/colibri-3553\/#breadcrumb\"},\"inLanguage\":\"en-US\",\"potentialAction\":[{\"@type\":\"ReadAction\",\"target\":[\"https:\/\/www.planeurs-nivernais.fr\/index.php\/colibri-3553\/\"]}]},{\"@type\":\"ImageObject\",\"inLanguage\":\"en-US\",\"@id\":\"https:\/\/www.planeurs-nivernais.fr\/index.php\/colibri-3553\/#primaryimage\",\"url\":\"http:\/\/www.planeurs-nivernais.fr\/wp-content\/uploads\/2025\/03\/cropped-F-CPQA.jpg\",\"contentUrl\":\"http:\/\/www.planeurs-nivernais.fr\/wp-content\/uploads\/2025\/03\/cropped-F-CPQA.jpg\"},{\"@type\":\"BreadcrumbList\",\"@id\":\"https:\/\/www.planeurs-nivernais.fr\/index.php\/colibri-3553\/#breadcrumb\",\"itemListElement\":[{\"@type\":\"ListItem\",\"position\":1,\"name\":\"Accueil\",\"item\":\"https:\/\/www.planeurs-nivernais.fr\/\"},{\"@type\":\"ListItem\",\"position\":2,\"name\":\"F-CPQA\"}]},{\"@type\":\"WebSite\",\"@id\":\"https:\/\/www.planeurs-nivernais.fr\/#website\",\"url\":\"https:\/\/www.planeurs-nivernais.fr\/\",\"name\":\"Planeurs Nivernais | CVVN58 | Planeur Nevers Ni\u00e8vre\",\"description\":\"\",\"publisher\":{\"@id\":\"https:\/\/www.planeurs-nivernais.fr\/#organization\"},\"potentialAction\":[{\"@type\":\"SearchAction\",\"target\":{\"@type\":\"EntryPoint\",\"urlTemplate\":\"https:\/\/www.planeurs-nivernais.fr\/?s={search_term_string}\"},\"query-input\":{\"@type\":\"PropertyValueSpecification\",\"valueRequired\":true,\"valueName\":\"search_term_string\"}}],\"inLanguage\":\"en-US\"},{\"@type\":\"Organization\",\"@id\":\"https:\/\/www.planeurs-nivernais.fr\/#organization\",\"name\":\"Planeurs Nivernais | CVVN58 | Planeur Nevers Ni\u00e8vre\",\"url\":\"https:\/\/www.planeurs-nivernais.fr\/\",\"logo\":{\"@type\":\"ImageObject\",\"inLanguage\":\"en-US\",\"@id\":\"https:\/\/www.planeurs-nivernais.fr\/#\/schema\/logo\/image\/\",\"url\":\"http:\/\/www.planeurs-nivernais.fr\/wp-content\/uploads\/2020\/05\/cropped-logo.png\",\"contentUrl\":\"http:\/\/www.planeurs-nivernais.fr\/wp-content\/uploads\/2020\/05\/cropped-logo.png\",\"width\":213,\"height\":110,\"caption\":\"Planeurs Nivernais | CVVN58 | Planeur Nevers Ni\u00e8vre\"},\"image\":{\"@id\":\"https:\/\/www.planeurs-nivernais.fr\/#\/schema\/logo\/image\/\"}}]}<\/script>\n<!-- \/ Yoast SEO plugin. -->","yoast_head_json":{"title":"Planeurs Nivernais | CVVN58 | Planeur Nevers Ni\u00e8vre","description":"Vol en planeur \u00e0 Nevers Ni\u00e8vre | Planeurs Nivernais | CVVN58","robots":{"index":"index","follow":"follow","max-snippet":"max-snippet:-1","max-image-preview":"max-image-preview:large","max-video-preview":"max-video-preview:-1"},"canonical":"https:\/\/www.planeurs-nivernais.fr\/index.php\/colibri-3553\/","og_locale":"en_US","og_type":"article","og_title":"Planeurs Nivernais | CVVN58 | Planeur Nevers Ni\u00e8vre","og_description":"Vol en planeur \u00e0 Nevers Ni\u00e8vre | Planeurs Nivernais | CVVN58","og_url":"https:\/\/www.planeurs-nivernais.fr\/index.php\/colibri-3553\/","og_site_name":"Planeurs Nivernais | CVVN58 | Planeur Nevers Ni\u00e8vre","article_modified_time":"2025-03-26T20:56:54+00:00","og_image":[{"url":"http:\/\/www.planeurs-nivernais.fr\/wp-content\/uploads\/2025\/03\/cropped-F-CPQA.jpg","type":"","width":"","height":""}],"twitter_card":"summary_large_image","schema":{"@context":"https:\/\/schema.org","@graph":[{"@type":"WebPage","@id":"https:\/\/www.planeurs-nivernais.fr\/index.php\/colibri-3553\/","url":"https:\/\/www.planeurs-nivernais.fr\/index.php\/colibri-3553\/","name":"Planeurs Nivernais | CVVN58 | Planeur Nevers Ni\u00e8vre","isPartOf":{"@id":"https:\/\/www.planeurs-nivernais.fr\/#website"},"primaryImageOfPage":{"@id":"https:\/\/www.planeurs-nivernais.fr\/index.php\/colibri-3553\/#primaryimage"},"image":{"@id":"https:\/\/www.planeurs-nivernais.fr\/index.php\/colibri-3553\/#primaryimage"},"thumbnailUrl":"http:\/\/www.planeurs-nivernais.fr\/wp-content\/uploads\/2025\/03\/cropped-F-CPQA.jpg","datePublished":"2025-03-26T20:38:23+00:00","dateModified":"2025-03-26T20:56:54+00:00","description":"Vol en planeur \u00e0 Nevers Ni\u00e8vre | Planeurs Nivernais | CVVN58","breadcrumb":{"@id":"https:\/\/www.planeurs-nivernais.fr\/index.php\/colibri-3553\/#breadcrumb"},"inLanguage":"en-US","potentialAction":[{"@type":"ReadAction","target":["https:\/\/www.planeurs-nivernais.fr\/index.php\/colibri-3553\/"]}]},{"@type":"ImageObject","inLanguage":"en-US","@id":"https:\/\/www.planeurs-nivernais.fr\/index.php\/colibri-3553\/#primaryimage","url":"http:\/\/www.planeurs-nivernais.fr\/wp-content\/uploads\/2025\/03\/cropped-F-CPQA.jpg","contentUrl":"http:\/\/www.planeurs-nivernais.fr\/wp-content\/uploads\/2025\/03\/cropped-F-CPQA.jpg"},{"@type":"BreadcrumbList","@id":"https:\/\/www.planeurs-nivernais.fr\/index.php\/colibri-3553\/#breadcrumb","itemListElement":[{"@type":"ListItem","position":1,"name":"Accueil","item":"https:\/\/www.planeurs-nivernais.fr\/"},{"@type":"ListItem","position":2,"name":"F-CPQA"}]},{"@type":"WebSite","@id":"https:\/\/www.planeurs-nivernais.fr\/#website","url":"https:\/\/www.planeurs-nivernais.fr\/","name":"Planeurs Nivernais | CVVN58 | Planeur Nevers Ni\u00e8vre","description":"","publisher":{"@id":"https:\/\/www.planeurs-nivernais.fr\/#organization"},"potentialAction":[{"@type":"SearchAction","target":{"@type":"EntryPoint","urlTemplate":"https:\/\/www.planeurs-nivernais.fr\/?s={search_term_string}"},"query-input":{"@type":"PropertyValueSpecification","valueRequired":true,"valueName":"search_term_string"}}],"inLanguage":"en-US"},{"@type":"Organization","@id":"https:\/\/www.planeurs-nivernais.fr\/#organization","name":"Planeurs Nivernais | CVVN58 | Planeur Nevers Ni\u00e8vre","url":"https:\/\/www.planeurs-nivernais.fr\/","logo":{"@type":"ImageObject","inLanguage":"en-US","@id":"https:\/\/www.planeurs-nivernais.fr\/#\/schema\/logo\/image\/","url":"http:\/\/www.planeurs-nivernais.fr\/wp-content\/uploads\/2020\/05\/cropped-logo.png","contentUrl":"http:\/\/www.planeurs-nivernais.fr\/wp-content\/uploads\/2020\/05\/cropped-logo.png","width":213,"height":110,"caption":"Planeurs Nivernais | CVVN58 | Planeur Nevers Ni\u00e8vre"},"image":{"@id":"https:\/\/www.planeurs-nivernais.fr\/#\/schema\/logo\/image\/"}}]}},"_links":{"self":[{"href":"https:\/\/www.planeurs-nivernais.fr\/index.php\/wp-json\/wp\/v2\/pages\/3553","targetHints":{"allow":["GET"]}}],"collection":[{"href":"https:\/\/www.planeurs-nivernais.fr\/index.php\/wp-json\/wp\/v2\/pages"}],"about":[{"href":"https:\/\/www.planeurs-nivernais.fr\/index.php\/wp-json\/wp\/v2\/types\/page"}],"author":[{"embeddable":true,"href":"https:\/\/www.planeurs-nivernais.fr\/index.php\/wp-json\/wp\/v2\/users\/1"}],"replies":[{"embeddable":true,"href":"https:\/\/www.planeurs-nivernais.fr\/index.php\/wp-json\/wp\/v2\/comments?post=3553"}],"version-history":[{"count":8,"href":"https:\/\/www.planeurs-nivernais.fr\/index.php\/wp-json\/wp\/v2\/pages\/3553\/revisions"}],"predecessor-version":[{"id":3599,"href":"https:\/\/www.planeurs-nivernais.fr\/index.php\/wp-json\/wp\/v2\/pages\/3553\/revisions\/3599"}],"wp:attachment":[{"href":"https:\/\/www.planeurs-nivernais.fr\/index.php\/wp-json\/wp\/v2\/media?parent=3553"}],"curies":[{"name":"wp","href":"https:\/\/api.w.org\/{rel}","templated":true}]}}