{"id":864,"date":"2020-10-09T11:59:28","date_gmt":"2020-10-09T09:59:28","guid":{"rendered":"http:\/\/www.planeurs-nivernais.fr\/?page_id=864"},"modified":"2025-04-25T15:46:10","modified_gmt":"2025-04-25T13:46:10","slug":"evenements","status":"publish","type":"page","link":"https:\/\/www.planeurs-nivernais.fr\/index.php\/evenements\/","title":{"rendered":"Ev\u00e9nements"},"content":{"rendered":"<div data-colibri-id=\"864-c1\" class=\"style-660 style-local-864-c1 position-relative\">\n  <!---->\n  <div data-colibri-component=\"section\" data-colibri-id=\"864-c2\" id=\"overlappable\" class=\"h-section h-section-global-spacing d-flex align-items-lg-center align-items-md-center align-items-center style-941 style-local-864-c2 position-relative\">\n    <!---->\n    <!---->\n    <div class=\"h-section-grid-container h-section-boxed-container\">\n      <!---->\n      <div data-colibri-id=\"864-c3\" class=\"h-row-container gutters-row-lg-2 gutters-row-md-2 gutters-row-0 gutters-row-v-lg-2 gutters-row-v-md-2 gutters-row-v-2 style-1422 style-local-864-c3 position-relative\">\n        <!---->\n        <div class=\"h-row justify-content-lg-center justify-content-md-center justify-content-center align-items-lg-stretch align-items-md-stretch align-items-stretch gutters-col-lg-2 gutters-col-md-2 gutters-col-0 gutters-col-v-lg-2 gutters-col-v-md-2 gutters-col-v-2\">\n          <!---->\n          <div class=\"h-column h-column-container d-flex h-col-lg-auto h-col-md-auto h-col-auto style-1423-outer style-local-864-c4-outer\">\n            <div data-colibri-id=\"864-c4\" class=\"d-flex h-flex-basis h-column__inner h-px-lg-2 h-px-md-2 h-px-2 v-inner-lg-2 v-inner-md-2 v-inner-2 style-1423 style-local-864-c4 position-relative\">\n              <!---->\n              <!---->\n              <div class=\"w-100 h-y-container h-column__content h-column__v-align flex-basis-100 align-self-lg-start align-self-md-start align-self-start\">\n                <!---->\n                <div data-colibri-id=\"864-c5\" class=\"style-1424 style-local-864-c5 position-relative h-element\">\n                  <!---->\n                <\/div>\n              <\/div>\n            <\/div>\n          <\/div>\n        <\/div>\n      <\/div>\n      <div data-colibri-id=\"864-c6\" class=\"h-row-container gutters-row-lg-2 gutters-row-md-2 gutters-row-0 gutters-row-v-lg-2 gutters-row-v-md-2 gutters-row-v-2 style-1127 style-local-864-c6 position-relative\">\n        <!---->\n        <div class=\"h-row justify-content-lg-center justify-content-md-center justify-content-center align-items-lg-stretch align-items-md-stretch align-items-stretch gutters-col-lg-2 gutters-col-md-2 gutters-col-0 gutters-col-v-lg-2 gutters-col-v-md-2 gutters-col-v-2\">\n          <!---->\n          <div class=\"h-column h-column-container d-flex h-col-lg-auto h-col-md-auto h-col-auto style-1128-outer style-local-864-c7-outer\">\n            <div data-colibri-id=\"864-c7\" class=\"d-flex h-flex-basis h-column__inner h-px-lg-2 h-px-md-2 h-px-2 v-inner-lg-2 v-inner-md-2 v-inner-2 style-1128 style-local-864-c7 position-relative\">\n              <!---->\n              <!---->\n              <div class=\"w-100 h-y-container h-column__content h-column__v-align flex-basis-100 align-self-lg-start align-self-md-start align-self-start\">\n                <!---->\n                <div data-colibri-id=\"864-c8\" class=\"d-block style-1130 style-local-864-c8 position-relative h-element\">\n                  <!---->\n                  <div class=\"h-image__frame-container-outer\">\n                    <a href=\"https:\/\/www.planeurs-nivernais.fr\/index.php\/reservations\/\" h-use-smooth-scroll=\"true\" class=\"image-link\">\n                      <div class=\"h-image__frame-container\">\n                        <!---->\n                        <!---->\n                        <img loading=\"lazy\" decoding=\"async\" width=\"1810\" height=\"2560\" src=\"http:\/\/www.planeurs-nivernais.fr\/wp-content\/uploads\/2025\/04\/planeurs-2025-3-scaled.jpg\" class=\"wp-image-3721 style-1130-image style-local-864-c8-image\" alt=\"\" srcset=\"https:\/\/www.planeurs-nivernais.fr\/wp-content\/uploads\/2025\/04\/planeurs-2025-3-scaled.jpg 1810w, https:\/\/www.planeurs-nivernais.fr\/wp-content\/uploads\/2025\/04\/planeurs-2025-3-212x300.jpg 212w, https:\/\/www.planeurs-nivernais.fr\/wp-content\/uploads\/2025\/04\/planeurs-2025-3-724x1024.jpg 724w, https:\/\/www.planeurs-nivernais.fr\/wp-content\/uploads\/2025\/04\/planeurs-2025-3-768x1086.jpg 768w, https:\/\/www.planeurs-nivernais.fr\/wp-content\/uploads\/2025\/04\/planeurs-2025-3-1086x1536.jpg 1086w, https:\/\/www.planeurs-nivernais.fr\/wp-content\/uploads\/2025\/04\/planeurs-2025-3-1448x2048.jpg 1448w\" sizes=\"auto, (max-width: 1810px) 100vw, 1810px\" \/>\n                        <div class=\"h-image__frame h-hide-lg h-hide-md h-hide-sm style-1130-frameImage style-local-864-c8-frameImage\"><\/div>\n                      <\/div>\n                    <\/a>\n                  <\/div>\n                <\/div>\n              <\/div>\n            <\/div>\n          <\/div>\n          <div class=\"h-column h-column-container d-flex h-col-lg-auto h-col-md-auto h-col-auto style-1129-outer style-local-864-c9-outer\">\n            <div data-colibri-id=\"864-c9\" class=\"d-flex h-flex-basis h-column__inner h-px-lg-2 h-px-md-2 h-px-2 v-inner-lg-2 v-inner-md-2 v-inner-2 style-1129 style-local-864-c9 position-relative\">\n              <!---->\n              <!---->\n              <div class=\"w-100 h-y-container h-column__content h-column__v-align flex-basis-100 align-self-lg-start align-self-md-start align-self-start\">\n                <!---->\n                <div data-colibri-id=\"864-c10\" class=\"h-text h-text-component style-1131 style-local-864-c10 position-relative h-element\">\n                  <!---->\n                  <!---->\n                  <div class=\"\">\n                    <p>Une date \u00e0 noter :<\/p>\n                    <p>Samedi 24 mai 2025 !<\/p>\n                    <p>\n                      <br>\n                    <\/p>\n                    <p>C&#8217;est la journ\u00e9e f\u00e9minine de l&#8217;A\u00e9ronautique : venez nombreuses (et nombreux) pour d\u00e9couvrir toutes les disciplines pr\u00e9sent\u00e9es sur le terrain de l&#8217;a\u00e9roport de Nevers et pourquoi pas vous lancer pour un vol de d\u00e9couverte !<\/p>\n                  <\/div>\n                <\/div>\n                <div data-colibri-id=\"864-c11\" class=\"h-x-container style-1509 style-local-864-c11 position-relative h-element\">\n                  <!---->\n                  <div class=\"h-x-container-inner style-dynamic-864-c11-group style-1509-spacing style-local-864-c11-spacing\"><span class=\"h-link__outer style-1510-outer style-local-864-c12-outer d-inline-flex h-element\"><a h-use-smooth-scroll=\"true\" href=\"https:\/\/www.planeurs-nivernais.fr\/index.php\/reservations\/\"  data-colibri-id=\"864-c12\" class=\"d-flex w-100 align-items-center h-link style-1510 style-local-864-c12 position-relative\"><!----><span  class=\"h-svg-icon h-link__icon style-1510-icon style-local-864-c12-icon\"><!--Icon by Font Awesome (https:\/\/fontawesome.com)-->\n    <svg version=\"1.1\" xmlns=\"http:\/\/www.w3.org\/2000\/svg\" xmlns:xlink=\"http:\/\/www.w3.org\/1999\/xlink\" id=\"external-link\" viewBox=\"0 0 1792 1896.0833\">\n      <path d=\"M1408 928v320q0 119-84.5 203.5T1120 1536H288q-119 0-203.5-84.5T0 1248V416q0-119 84.5-203.5T288 128h704q14 0 23 9t9 23v64q0 14-9 23t-23 9H288q-66 0-113 47t-47 113v832q0 66 47 113t113 47h832q66 0 113-47t47-113V928q0-14 9-23t23-9h64q14 0 23 9t9 23zm384-864v512q0 26-19 45t-45 19-45-19l-176-176-652 652q-10 10-23 10t-23-10L695 983q-10-10-10-23t10-23l652-652-176-176q-19-19-19-45t19-45 45-19h512q26 0 45 19t19 45z\"><\/path>\n    <\/svg><\/span> <span>Organiser un vol<\/span><\/a>\n                    <\/span>\n                  <\/div>\n                <\/div>\n                <div data-colibri-id=\"864-c13\" class=\"h-text h-text-component style-1507 style-local-864-c13 position-relative h-element\">\n                  <!---->\n                  <!---->\n                  <div class=\"\">\n                    <p>ou scannez le QR-Code ci-dessous:<\/p>\n                  <\/div>\n                <\/div>\n                <div data-colibri-id=\"864-c14\" class=\"d-block style-1508 style-local-864-c14 position-relative h-element\">\n                  <!---->\n                  <div class=\"h-image__frame-container-outer\">\n                    <a href=\"https:\/\/www.planeurs-nivernais.fr\/index.php\/reservations\/\" h-use-smooth-scroll=\"true\" class=\"image-link\">\n                      <div class=\"h-image__frame-container\">\n                        <!---->\n                        <!---->\n                        <img loading=\"lazy\" decoding=\"async\" width=\"450\" height=\"450\" src=\"http:\/\/www.planeurs-nivernais.fr\/wp-content\/uploads\/2025\/04\/qrcode_www.planeurs-nivernais.fr_.png\" class=\"wp-image-3751 style-1508-image style-local-864-c14-image\" alt=\"\" srcset=\"https:\/\/www.planeurs-nivernais.fr\/wp-content\/uploads\/2025\/04\/qrcode_www.planeurs-nivernais.fr_.png 450w, https:\/\/www.planeurs-nivernais.fr\/wp-content\/uploads\/2025\/04\/qrcode_www.planeurs-nivernais.fr_-300x300.png 300w, https:\/\/www.planeurs-nivernais.fr\/wp-content\/uploads\/2025\/04\/qrcode_www.planeurs-nivernais.fr_-150x150.png 150w\" sizes=\"auto, (max-width: 450px) 100vw, 450px\" \/>\n                        <div class=\"h-image__frame h-hide-lg h-hide-md h-hide-sm style-1508-frameImage style-local-864-c14-frameImage\"><\/div>\n                      <\/div>\n                    <\/a>\n                  <\/div>\n                <\/div>\n              <\/div>\n            <\/div>\n          <\/div>\n        <\/div>\n      <\/div>\n    <\/div>\n  <\/div>\n<\/div>","protected":false},"excerpt":{"rendered":"<p>Une date \u00e0 noter : Samedi 24 mai 2025 ! C&#8217;est la journ\u00e9e f\u00e9minine de l&#8217;A\u00e9ronautique : venez nombreuses (et nombreux) pour d\u00e9couvrir toutes les disciplines pr\u00e9sent\u00e9es sur le terrain de l&#8217;a\u00e9roport de Nevers et pourquoi pas vous lancer pour un vol de d\u00e9couverte ! Organiser un vol ou scannez le QR-Code ci-dessous:<\/p>\n","protected":false},"author":1,"featured_media":0,"parent":0,"menu_order":0,"comment_status":"closed","ping_status":"closed","template":"page-templates\/full-width-page.php","meta":{"footnotes":""},"class_list":["post-864","page","type-page","status-publish","hentry"],"yoast_head":"<!-- This site is optimized with the Yoast SEO plugin v24.7 - https:\/\/yoast.com\/wordpress\/plugins\/seo\/ -->\n<title>Planeurs Nivernais | CVVN58 | Planeur Nevers Ni\u00e8vre<\/title>\n<meta name=\"description\" content=\"Vol en planeur \u00e0 Nevers Ni\u00e8vre | Planeurs Nivernais | CVVN58\" \/>\n<meta name=\"robots\" content=\"index, follow, max-snippet:-1, max-image-preview:large, max-video-preview:-1\" \/>\n<link rel=\"canonical\" href=\"https:\/\/www.planeurs-nivernais.fr\/index.php\/evenements\/\" \/>\n<meta property=\"og:locale\" content=\"en_US\" \/>\n<meta property=\"og:type\" content=\"article\" \/>\n<meta property=\"og:title\" content=\"Planeurs Nivernais | CVVN58 | Planeur Nevers Ni\u00e8vre\" \/>\n<meta property=\"og:description\" content=\"Vol en planeur \u00e0 Nevers Ni\u00e8vre | Planeurs Nivernais | CVVN58\" \/>\n<meta property=\"og:url\" content=\"https:\/\/www.planeurs-nivernais.fr\/index.php\/evenements\/\" \/>\n<meta property=\"og:site_name\" content=\"Planeurs Nivernais | CVVN58 | Planeur Nevers Ni\u00e8vre\" \/>\n<meta property=\"article:modified_time\" content=\"2025-04-25T13:46:10+00:00\" \/>\n<meta property=\"og:image\" content=\"http:\/\/www.planeurs-nivernais.fr\/wp-content\/uploads\/2025\/04\/planeurs-2025-3-scaled.jpg\" \/>\n<meta name=\"twitter:card\" content=\"summary_large_image\" \/>\n<script type=\"application\/ld+json\" class=\"yoast-schema-graph\">{\"@context\":\"https:\/\/schema.org\",\"@graph\":[{\"@type\":\"WebPage\",\"@id\":\"https:\/\/www.planeurs-nivernais.fr\/index.php\/evenements\/\",\"url\":\"https:\/\/www.planeurs-nivernais.fr\/index.php\/evenements\/\",\"name\":\"Planeurs Nivernais | CVVN58 | Planeur Nevers Ni\u00e8vre\",\"isPartOf\":{\"@id\":\"https:\/\/www.planeurs-nivernais.fr\/#website\"},\"primaryImageOfPage\":{\"@id\":\"https:\/\/www.planeurs-nivernais.fr\/index.php\/evenements\/#primaryimage\"},\"image\":{\"@id\":\"https:\/\/www.planeurs-nivernais.fr\/index.php\/evenements\/#primaryimage\"},\"thumbnailUrl\":\"http:\/\/www.planeurs-nivernais.fr\/wp-content\/uploads\/2025\/04\/planeurs-2025-3-scaled.jpg\",\"datePublished\":\"2020-10-09T09:59:28+00:00\",\"dateModified\":\"2025-04-25T13:46:10+00:00\",\"description\":\"Vol en planeur \u00e0 Nevers Ni\u00e8vre | Planeurs Nivernais | CVVN58\",\"breadcrumb\":{\"@id\":\"https:\/\/www.planeurs-nivernais.fr\/index.php\/evenements\/#breadcrumb\"},\"inLanguage\":\"en-US\",\"potentialAction\":[{\"@type\":\"ReadAction\",\"target\":[\"https:\/\/www.planeurs-nivernais.fr\/index.php\/evenements\/\"]}]},{\"@type\":\"ImageObject\",\"inLanguage\":\"en-US\",\"@id\":\"https:\/\/www.planeurs-nivernais.fr\/index.php\/evenements\/#primaryimage\",\"url\":\"https:\/\/www.planeurs-nivernais.fr\/wp-content\/uploads\/2025\/04\/planeurs-2025-3-scaled.jpg\",\"contentUrl\":\"https:\/\/www.planeurs-nivernais.fr\/wp-content\/uploads\/2025\/04\/planeurs-2025-3-scaled.jpg\",\"width\":1810,\"height\":2560},{\"@type\":\"BreadcrumbList\",\"@id\":\"https:\/\/www.planeurs-nivernais.fr\/index.php\/evenements\/#breadcrumb\",\"itemListElement\":[{\"@type\":\"ListItem\",\"position\":1,\"name\":\"Accueil\",\"item\":\"https:\/\/www.planeurs-nivernais.fr\/\"},{\"@type\":\"ListItem\",\"position\":2,\"name\":\"Ev\u00e9nements\"}]},{\"@type\":\"WebSite\",\"@id\":\"https:\/\/www.planeurs-nivernais.fr\/#website\",\"url\":\"https:\/\/www.planeurs-nivernais.fr\/\",\"name\":\"Planeurs Nivernais | CVVN58 | Planeur Nevers Ni\u00e8vre\",\"description\":\"\",\"publisher\":{\"@id\":\"https:\/\/www.planeurs-nivernais.fr\/#organization\"},\"potentialAction\":[{\"@type\":\"SearchAction\",\"target\":{\"@type\":\"EntryPoint\",\"urlTemplate\":\"https:\/\/www.planeurs-nivernais.fr\/?s={search_term_string}\"},\"query-input\":{\"@type\":\"PropertyValueSpecification\",\"valueRequired\":true,\"valueName\":\"search_term_string\"}}],\"inLanguage\":\"en-US\"},{\"@type\":\"Organization\",\"@id\":\"https:\/\/www.planeurs-nivernais.fr\/#organization\",\"name\":\"Planeurs Nivernais | CVVN58 | Planeur Nevers Ni\u00e8vre\",\"url\":\"https:\/\/www.planeurs-nivernais.fr\/\",\"logo\":{\"@type\":\"ImageObject\",\"inLanguage\":\"en-US\",\"@id\":\"https:\/\/www.planeurs-nivernais.fr\/#\/schema\/logo\/image\/\",\"url\":\"http:\/\/www.planeurs-nivernais.fr\/wp-content\/uploads\/2020\/05\/cropped-logo.png\",\"contentUrl\":\"http:\/\/www.planeurs-nivernais.fr\/wp-content\/uploads\/2020\/05\/cropped-logo.png\",\"width\":213,\"height\":110,\"caption\":\"Planeurs Nivernais | CVVN58 | Planeur Nevers Ni\u00e8vre\"},\"image\":{\"@id\":\"https:\/\/www.planeurs-nivernais.fr\/#\/schema\/logo\/image\/\"}}]}<\/script>\n<!-- \/ Yoast SEO plugin. -->","yoast_head_json":{"title":"Planeurs Nivernais | CVVN58 | Planeur Nevers Ni\u00e8vre","description":"Vol en planeur \u00e0 Nevers Ni\u00e8vre | Planeurs Nivernais | CVVN58","robots":{"index":"index","follow":"follow","max-snippet":"max-snippet:-1","max-image-preview":"max-image-preview:large","max-video-preview":"max-video-preview:-1"},"canonical":"https:\/\/www.planeurs-nivernais.fr\/index.php\/evenements\/","og_locale":"en_US","og_type":"article","og_title":"Planeurs Nivernais | CVVN58 | Planeur Nevers Ni\u00e8vre","og_description":"Vol en planeur \u00e0 Nevers Ni\u00e8vre | Planeurs Nivernais | CVVN58","og_url":"https:\/\/www.planeurs-nivernais.fr\/index.php\/evenements\/","og_site_name":"Planeurs Nivernais | CVVN58 | Planeur Nevers Ni\u00e8vre","article_modified_time":"2025-04-25T13:46:10+00:00","og_image":[{"url":"http:\/\/www.planeurs-nivernais.fr\/wp-content\/uploads\/2025\/04\/planeurs-2025-3-scaled.jpg","type":"","width":"","height":""}],"twitter_card":"summary_large_image","schema":{"@context":"https:\/\/schema.org","@graph":[{"@type":"WebPage","@id":"https:\/\/www.planeurs-nivernais.fr\/index.php\/evenements\/","url":"https:\/\/www.planeurs-nivernais.fr\/index.php\/evenements\/","name":"Planeurs Nivernais | CVVN58 | Planeur Nevers Ni\u00e8vre","isPartOf":{"@id":"https:\/\/www.planeurs-nivernais.fr\/#website"},"primaryImageOfPage":{"@id":"https:\/\/www.planeurs-nivernais.fr\/index.php\/evenements\/#primaryimage"},"image":{"@id":"https:\/\/www.planeurs-nivernais.fr\/index.php\/evenements\/#primaryimage"},"thumbnailUrl":"http:\/\/www.planeurs-nivernais.fr\/wp-content\/uploads\/2025\/04\/planeurs-2025-3-scaled.jpg","datePublished":"2020-10-09T09:59:28+00:00","dateModified":"2025-04-25T13:46:10+00:00","description":"Vol en planeur \u00e0 Nevers Ni\u00e8vre | Planeurs Nivernais | CVVN58","breadcrumb":{"@id":"https:\/\/www.planeurs-nivernais.fr\/index.php\/evenements\/#breadcrumb"},"inLanguage":"en-US","potentialAction":[{"@type":"ReadAction","target":["https:\/\/www.planeurs-nivernais.fr\/index.php\/evenements\/"]}]},{"@type":"ImageObject","inLanguage":"en-US","@id":"https:\/\/www.planeurs-nivernais.fr\/index.php\/evenements\/#primaryimage","url":"https:\/\/www.planeurs-nivernais.fr\/wp-content\/uploads\/2025\/04\/planeurs-2025-3-scaled.jpg","contentUrl":"https:\/\/www.planeurs-nivernais.fr\/wp-content\/uploads\/2025\/04\/planeurs-2025-3-scaled.jpg","width":1810,"height":2560},{"@type":"BreadcrumbList","@id":"https:\/\/www.planeurs-nivernais.fr\/index.php\/evenements\/#breadcrumb","itemListElement":[{"@type":"ListItem","position":1,"name":"Accueil","item":"https:\/\/www.planeurs-nivernais.fr\/"},{"@type":"ListItem","position":2,"name":"Ev\u00e9nements"}]},{"@type":"WebSite","@id":"https:\/\/www.planeurs-nivernais.fr\/#website","url":"https:\/\/www.planeurs-nivernais.fr\/","name":"Planeurs Nivernais | CVVN58 | Planeur Nevers Ni\u00e8vre","description":"","publisher":{"@id":"https:\/\/www.planeurs-nivernais.fr\/#organization"},"potentialAction":[{"@type":"SearchAction","target":{"@type":"EntryPoint","urlTemplate":"https:\/\/www.planeurs-nivernais.fr\/?s={search_term_string}"},"query-input":{"@type":"PropertyValueSpecification","valueRequired":true,"valueName":"search_term_string"}}],"inLanguage":"en-US"},{"@type":"Organization","@id":"https:\/\/www.planeurs-nivernais.fr\/#organization","name":"Planeurs Nivernais | CVVN58 | Planeur Nevers Ni\u00e8vre","url":"https:\/\/www.planeurs-nivernais.fr\/","logo":{"@type":"ImageObject","inLanguage":"en-US","@id":"https:\/\/www.planeurs-nivernais.fr\/#\/schema\/logo\/image\/","url":"http:\/\/www.planeurs-nivernais.fr\/wp-content\/uploads\/2020\/05\/cropped-logo.png","contentUrl":"http:\/\/www.planeurs-nivernais.fr\/wp-content\/uploads\/2020\/05\/cropped-logo.png","width":213,"height":110,"caption":"Planeurs Nivernais | CVVN58 | Planeur Nevers Ni\u00e8vre"},"image":{"@id":"https:\/\/www.planeurs-nivernais.fr\/#\/schema\/logo\/image\/"}}]}},"_links":{"self":[{"href":"https:\/\/www.planeurs-nivernais.fr\/index.php\/wp-json\/wp\/v2\/pages\/864","targetHints":{"allow":["GET"]}}],"collection":[{"href":"https:\/\/www.planeurs-nivernais.fr\/index.php\/wp-json\/wp\/v2\/pages"}],"about":[{"href":"https:\/\/www.planeurs-nivernais.fr\/index.php\/wp-json\/wp\/v2\/types\/page"}],"author":[{"embeddable":true,"href":"https:\/\/www.planeurs-nivernais.fr\/index.php\/wp-json\/wp\/v2\/users\/1"}],"replies":[{"embeddable":true,"href":"https:\/\/www.planeurs-nivernais.fr\/index.php\/wp-json\/wp\/v2\/comments?post=864"}],"version-history":[{"count":20,"href":"https:\/\/www.planeurs-nivernais.fr\/index.php\/wp-json\/wp\/v2\/pages\/864\/revisions"}],"predecessor-version":[{"id":3802,"href":"https:\/\/www.planeurs-nivernais.fr\/index.php\/wp-json\/wp\/v2\/pages\/864\/revisions\/3802"}],"wp:attachment":[{"href":"https:\/\/www.planeurs-nivernais.fr\/index.php\/wp-json\/wp\/v2\/media?parent=864"}],"curies":[{"name":"wp","href":"https:\/\/api.w.org\/{rel}","templated":true}]}}